{"id":99,"date":"2025-04-16T19:13:03","date_gmt":"2025-04-16T19:13:03","guid":{"rendered":"https:\/\/peeters-mallaury-portfolio.com\/?page_id=99"},"modified":"2025-08-25T16:51:37","modified_gmt":"2025-08-25T16:51:37","slug":"illustration-vectoriel-du-cri-de-munch","status":"publish","type":"page","link":"https:\/\/peeters-mallaury-portfolio.com\/?page_id=99","title":{"rendered":"Illustration vectorielle du \u00ab\u00a0Cri de Munch\u00a0\u00bb"},"content":{"rendered":"\n<p>Illustration reprenant la c\u00e9l\u00e8bre peinture d&rsquo; Edvard Munch \u00ab\u00a0Le Cri\u00a0\u00bb r\u00e9alis\u00e9 avec mon style en vectoriel.<\/p>\n\n\n\n<figure class=\"wp-block-image aligncenter size-large\"><img fetchpriority=\"high\" decoding=\"async\" width=\"725\" height=\"1024\" src=\"http:\/\/peeters-mallaury-portfolio.com\/wp-content\/uploads\/2025\/04\/Capture-decran-2025-04-15-100517-1-725x1024.png\" alt=\"\" class=\"wp-image-107\" srcset=\"https:\/\/peeters-mallaury-portfolio.com\/wp-content\/uploads\/2025\/04\/Capture-decran-2025-04-15-100517-1-725x1024.png 725w, https:\/\/peeters-mallaury-portfolio.com\/wp-content\/uploads\/2025\/04\/Capture-decran-2025-04-15-100517-1-212x300.png 212w, https:\/\/peeters-mallaury-portfolio.com\/wp-content\/uploads\/2025\/04\/Capture-decran-2025-04-15-100517-1.png 748w\" sizes=\"(max-width: 725px) 100vw, 725px\" \/><\/figure>\n\n\n\n<p><\/p>\n\n\n\n<p>L&rsquo;illustration a ensuite \u00e9t\u00e9 reprise pour r\u00e9alis\u00e9e une affiche pour la 7e Biennale Internationale d&rsquo;Art Num\u00e9rique : \u201cMETAMORPHOSIS\u201d organis\u00e9e par le mus\u00e9e Elektra de Montr\u00e9al. En plus de l&rsquo;affiche il y a aussi l&rsquo;habillage de la page Facebook du mus\u00e9e : l&rsquo;image de profil et l&rsquo;image de couverture pr\u00e9sentant l&rsquo;\u00e9v\u00e9nement et pour finir une mise en situation en pleine rue avec le mockup de l&rsquo;affiche.<\/p>\n\n\n\n<figure class=\"wp-block-image aligncenter size-large\"><img decoding=\"async\" width=\"729\" height=\"1024\" src=\"http:\/\/peeters-mallaury-portfolio.com\/wp-content\/uploads\/2025\/04\/Capture-decran-2025-04-16-212944-729x1024.png\" alt=\"\" class=\"wp-image-110\" srcset=\"https:\/\/peeters-mallaury-portfolio.com\/wp-content\/uploads\/2025\/04\/Capture-decran-2025-04-16-212944-729x1024.png 729w, https:\/\/peeters-mallaury-portfolio.com\/wp-content\/uploads\/2025\/04\/Capture-decran-2025-04-16-212944-213x300.png 213w, https:\/\/peeters-mallaury-portfolio.com\/wp-content\/uploads\/2025\/04\/Capture-decran-2025-04-16-212944.png 755w\" sizes=\"(max-width: 729px) 100vw, 729px\" \/><\/figure>\n\n\n\n<figure class=\"wp-block-image aligncenter size-large\"><img decoding=\"async\" width=\"1024\" height=\"502\" src=\"http:\/\/peeters-mallaury-portfolio.com\/wp-content\/uploads\/2025\/04\/Capture-decran-2025-04-16-212919-1024x502.png\" alt=\"\" class=\"wp-image-112\" srcset=\"https:\/\/peeters-mallaury-portfolio.com\/wp-content\/uploads\/2025\/04\/Capture-decran-2025-04-16-212919-1024x502.png 1024w, https:\/\/peeters-mallaury-portfolio.com\/wp-content\/uploads\/2025\/04\/Capture-decran-2025-04-16-212919-300x147.png 300w, https:\/\/peeters-mallaury-portfolio.com\/wp-content\/uploads\/2025\/04\/Capture-decran-2025-04-16-212919-768x376.png 768w, https:\/\/peeters-mallaury-portfolio.com\/wp-content\/uploads\/2025\/04\/Capture-decran-2025-04-16-212919-1536x752.png 1536w, https:\/\/peeters-mallaury-portfolio.com\/wp-content\/uploads\/2025\/04\/Capture-decran-2025-04-16-212919.png 1911w\" sizes=\"(max-width: 1024px) 100vw, 1024px\" \/><\/figure>\n\n\n\n<figure class=\"wp-block-image aligncenter size-large\"><img loading=\"lazy\" decoding=\"async\" width=\"1024\" height=\"684\" src=\"http:\/\/peeters-mallaury-portfolio.com\/wp-content\/uploads\/2025\/04\/Capture-decran-2025-04-16-212858-1024x684.png\" alt=\"\" class=\"wp-image-113\" srcset=\"https:\/\/peeters-mallaury-portfolio.com\/wp-content\/uploads\/2025\/04\/Capture-decran-2025-04-16-212858-1024x684.png 1024w, https:\/\/peeters-mallaury-portfolio.com\/wp-content\/uploads\/2025\/04\/Capture-decran-2025-04-16-212858-300x201.png 300w, https:\/\/peeters-mallaury-portfolio.com\/wp-content\/uploads\/2025\/04\/Capture-decran-2025-04-16-212858-768x513.png 768w, https:\/\/peeters-mallaury-portfolio.com\/wp-content\/uploads\/2025\/04\/Capture-decran-2025-04-16-212858-1536x1027.png 1536w, https:\/\/peeters-mallaury-portfolio.com\/wp-content\/uploads\/2025\/04\/Capture-decran-2025-04-16-212858.png 1595w\" sizes=\"(max-width: 1024px) 100vw, 1024px\" \/><\/figure>\n\n\n\n<p><\/p>\n\n\n\n<hr class=\"wp-block-separator has-alpha-channel-opacity\"\/>\n\n\n\n<p><strong>Variantes de l&rsquo;affiche :<\/strong><\/p>\n\n\n\n<div class=\"wp-block-columns is-layout-flex wp-container-core-columns-is-layout-28f84493 wp-block-columns-is-layout-flex\">\n<div class=\"wp-block-column is-layout-flow wp-block-column-is-layout-flow\">\n<figure class=\"wp-block-image aligncenter size-full\"><img loading=\"lazy\" decoding=\"async\" width=\"595\" height=\"842\" src=\"https:\/\/peeters-mallaury-portfolio.com\/wp-content\/uploads\/2025\/08\/Peeters-Mallaury-Metamorphosis-variante_Plan-de-travail-1.jpg\" alt=\"\" class=\"wp-image-332\" srcset=\"https:\/\/peeters-mallaury-portfolio.com\/wp-content\/uploads\/2025\/08\/Peeters-Mallaury-Metamorphosis-variante_Plan-de-travail-1.jpg 595w, https:\/\/peeters-mallaury-portfolio.com\/wp-content\/uploads\/2025\/08\/Peeters-Mallaury-Metamorphosis-variante_Plan-de-travail-1-212x300.jpg 212w\" sizes=\"(max-width: 595px) 100vw, 595px\" \/><\/figure>\n<\/div>\n\n\n\n<div class=\"wp-block-column is-layout-flow wp-block-column-is-layout-flow\">\n<figure class=\"wp-block-image aligncenter size-full\"><img loading=\"lazy\" decoding=\"async\" width=\"595\" height=\"842\" src=\"https:\/\/peeters-mallaury-portfolio.com\/wp-content\/uploads\/2025\/08\/Peeters-Mallaury-Metamorphosis-variante_Plan-de-travail-1-copie-4.jpg\" alt=\"\" class=\"wp-image-333\" srcset=\"https:\/\/peeters-mallaury-portfolio.com\/wp-content\/uploads\/2025\/08\/Peeters-Mallaury-Metamorphosis-variante_Plan-de-travail-1-copie-4.jpg 595w, https:\/\/peeters-mallaury-portfolio.com\/wp-content\/uploads\/2025\/08\/Peeters-Mallaury-Metamorphosis-variante_Plan-de-travail-1-copie-4-212x300.jpg 212w\" sizes=\"(max-width: 595px) 100vw, 595px\" \/><\/figure>\n<\/div>\n<\/div>\n\n\n\n<p><\/p>\n","protected":false},"excerpt":{"rendered":"<p>Illustration reprenant la c\u00e9l\u00e8bre peinture d&rsquo; Edvard Munch \u00ab\u00a0Le Cri\u00a0\u00bb r\u00e9alis\u00e9 avec mon style en vectoriel. L&rsquo;illustration a ensuite \u00e9t\u00e9 [&hellip;]<\/p>\n","protected":false},"author":1,"featured_media":0,"parent":0,"menu_order":0,"comment_status":"closed","ping_status":"closed","template":"","meta":{"site-sidebar-layout":"default","site-content-layout":"","ast-site-content-layout":"","site-content-style":"default","site-sidebar-style":"default","ast-global-header-display":"","ast-banner-title-visibility":"","ast-main-header-display":"","ast-hfb-above-header-display":"","ast-hfb-below-header-display":"","ast-hfb-mobile-header-display":"","site-post-title":"","ast-breadcrumbs-content":"","ast-featured-img":"","footer-sml-layout":"","theme-transparent-header-meta":"","adv-header-id-meta":"","stick-header-meta":"","header-above-stick-meta":"","header-main-stick-meta":"","header-below-stick-meta":"","astra-migrate-meta-layouts":"default","ast-page-background-enabled":"default","ast-page-background-meta":{"desktop":{"background-color":"var(--ast-global-color-5)","background-image":"","background-repeat":"repeat","background-position":"center center","background-size":"auto","background-attachment":"scroll","background-type":"","background-media":"","overlay-type":"","overlay-color":"","overlay-opacity":"","overlay-gradient":""},"tablet":{"background-color":"","background-image":"","background-repeat":"repeat","background-position":"center center","background-size":"auto","background-attachment":"scroll","background-type":"","background-media":"","overlay-type":"","overlay-color":"","overlay-opacity":"","overlay-gradient":""},"mobile":{"background-color":"","background-image":"","background-repeat":"repeat","background-position":"center center","background-size":"auto","background-attachment":"scroll","background-type":"","background-media":"","overlay-type":"","overlay-color":"","overlay-opacity":"","overlay-gradient":""}},"ast-content-background-meta":{"desktop":{"background-color":"var(--ast-global-color-4)","background-image":"","background-repeat":"repeat","background-position":"center center","background-size":"auto","background-attachment":"scroll","background-type":"","background-media":"","overlay-type":"","overlay-color":"","overlay-opacity":"","overlay-gradient":""},"tablet":{"background-color":"var(--ast-global-color-4)","background-image":"","background-repeat":"repeat","background-position":"center center","background-size":"auto","background-attachment":"scroll","background-type":"","background-media":"","overlay-type":"","overlay-color":"","overlay-opacity":"","overlay-gradient":""},"mobile":{"background-color":"var(--ast-global-color-4)","background-image":"","background-repeat":"repeat","background-position":"center center","background-size":"auto","background-attachment":"scroll","background-type":"","background-media":"","overlay-type":"","overlay-color":"","overlay-opacity":"","overlay-gradient":""}},"footnotes":""},"class_list":["post-99","page","type-page","status-publish","hentry"],"_links":{"self":[{"href":"https:\/\/peeters-mallaury-portfolio.com\/index.php?rest_route=\/wp\/v2\/pages\/99","targetHints":{"allow":["GET"]}}],"collection":[{"href":"https:\/\/peeters-mallaury-portfolio.com\/index.php?rest_route=\/wp\/v2\/pages"}],"about":[{"href":"https:\/\/peeters-mallaury-portfolio.com\/index.php?rest_route=\/wp\/v2\/types\/page"}],"author":[{"embeddable":true,"href":"https:\/\/peeters-mallaury-portfolio.com\/index.php?rest_route=\/wp\/v2\/users\/1"}],"replies":[{"embeddable":true,"href":"https:\/\/peeters-mallaury-portfolio.com\/index.php?rest_route=%2Fwp%2Fv2%2Fcomments&post=99"}],"version-history":[{"count":10,"href":"https:\/\/peeters-mallaury-portfolio.com\/index.php?rest_route=\/wp\/v2\/pages\/99\/revisions"}],"predecessor-version":[{"id":335,"href":"https:\/\/peeters-mallaury-portfolio.com\/index.php?rest_route=\/wp\/v2\/pages\/99\/revisions\/335"}],"wp:attachment":[{"href":"https:\/\/peeters-mallaury-portfolio.com\/index.php?rest_route=%2Fwp%2Fv2%2Fmedia&parent=99"}],"curies":[{"name":"wp","href":"https:\/\/api.w.org\/{rel}","templated":true}]}}