{"id":422,"date":"2026-01-15T19:03:52","date_gmt":"2026-01-15T19:03:52","guid":{"rendered":"https:\/\/peeters-mallaury-portfolio.com\/?page_id=422"},"modified":"2026-01-15T19:11:56","modified_gmt":"2026-01-15T19:11:56","slug":"magazine-futuriste-cover-double-page","status":"publish","type":"page","link":"https:\/\/peeters-mallaury-portfolio.com\/?page_id=422","title":{"rendered":"Magazine futuriste cover + double page"},"content":{"rendered":"\n<p>Voici un magazine ici \u00ab\u00a0Jeux Vid\u00e9o.com magazine imaginant ce qu&rsquo;il serait dans le futur et de quoi il pourrait parler avec une invention futuriste qui correspond au magazine. Ici l&rsquo;invention est la combi neuronal qui permet de jouer aux jeux vid\u00e9o avec son cerveau gr\u00e2ce \u00e0 la combi. Le magazine parle donc de cette combi neuronal et de ce qu&rsquo;elle permet de faire. Il y a la cover du magazine et une double page d&rsquo;explication. Pour finir une mise en situation de la cover du magazine et une de la double page du magazine.<\/p>\n\n\n\n<figure class=\"wp-block-image aligncenter size-full\"><img fetchpriority=\"high\" decoding=\"async\" width=\"595\" height=\"842\" src=\"https:\/\/peeters-mallaury-portfolio.com\/wp-content\/uploads\/2026\/01\/Magazine-futuriste-couverture-1.jpg\" alt=\"\" class=\"wp-image-423\" srcset=\"https:\/\/peeters-mallaury-portfolio.com\/wp-content\/uploads\/2026\/01\/Magazine-futuriste-couverture-1.jpg 595w, https:\/\/peeters-mallaury-portfolio.com\/wp-content\/uploads\/2026\/01\/Magazine-futuriste-couverture-1-212x300.jpg 212w\" sizes=\"(max-width: 595px) 100vw, 595px\" \/><\/figure>\n\n\n\n<figure class=\"wp-block-image aligncenter size-large\"><img decoding=\"async\" width=\"1024\" height=\"724\" src=\"https:\/\/peeters-mallaury-portfolio.com\/wp-content\/uploads\/2026\/01\/Magazine-futuriste-double-page2-1024x724.jpg\" alt=\"\" class=\"wp-image-424\" srcset=\"https:\/\/peeters-mallaury-portfolio.com\/wp-content\/uploads\/2026\/01\/Magazine-futuriste-double-page2-1024x724.jpg 1024w, https:\/\/peeters-mallaury-portfolio.com\/wp-content\/uploads\/2026\/01\/Magazine-futuriste-double-page2-300x212.jpg 300w, https:\/\/peeters-mallaury-portfolio.com\/wp-content\/uploads\/2026\/01\/Magazine-futuriste-double-page2-768x543.jpg 768w, https:\/\/peeters-mallaury-portfolio.com\/wp-content\/uploads\/2026\/01\/Magazine-futuriste-double-page2.jpg 1191w\" sizes=\"(max-width: 1024px) 100vw, 1024px\" \/><\/figure>\n\n\n\n<figure class=\"wp-block-image aligncenter size-large\"><img decoding=\"async\" width=\"684\" height=\"1024\" src=\"https:\/\/peeters-mallaury-portfolio.com\/wp-content\/uploads\/2026\/01\/Mockup-cover-magazine-futuriste-684x1024.png\" alt=\"\" class=\"wp-image-425\" srcset=\"https:\/\/peeters-mallaury-portfolio.com\/wp-content\/uploads\/2026\/01\/Mockup-cover-magazine-futuriste-684x1024.png 684w, https:\/\/peeters-mallaury-portfolio.com\/wp-content\/uploads\/2026\/01\/Mockup-cover-magazine-futuriste-200x300.png 200w, https:\/\/peeters-mallaury-portfolio.com\/wp-content\/uploads\/2026\/01\/Mockup-cover-magazine-futuriste-768x1150.png 768w, https:\/\/peeters-mallaury-portfolio.com\/wp-content\/uploads\/2026\/01\/Mockup-cover-magazine-futuriste-1026x1536.png 1026w, https:\/\/peeters-mallaury-portfolio.com\/wp-content\/uploads\/2026\/01\/Mockup-cover-magazine-futuriste-1368x2048.png 1368w, https:\/\/peeters-mallaury-portfolio.com\/wp-content\/uploads\/2026\/01\/Mockup-cover-magazine-futuriste-scaled.png 1710w\" sizes=\"(max-width: 684px) 100vw, 684px\" \/><\/figure>\n\n\n\n<figure class=\"wp-block-image aligncenter size-large\"><img loading=\"lazy\" decoding=\"async\" width=\"1024\" height=\"791\" src=\"https:\/\/peeters-mallaury-portfolio.com\/wp-content\/uploads\/2026\/01\/magazine-futuriste-double-page-mockup-1024x791.png\" alt=\"\" class=\"wp-image-426\" srcset=\"https:\/\/peeters-mallaury-portfolio.com\/wp-content\/uploads\/2026\/01\/magazine-futuriste-double-page-mockup-1024x791.png 1024w, https:\/\/peeters-mallaury-portfolio.com\/wp-content\/uploads\/2026\/01\/magazine-futuriste-double-page-mockup-300x232.png 300w, https:\/\/peeters-mallaury-portfolio.com\/wp-content\/uploads\/2026\/01\/magazine-futuriste-double-page-mockup-768x593.png 768w, https:\/\/peeters-mallaury-portfolio.com\/wp-content\/uploads\/2026\/01\/magazine-futuriste-double-page-mockup-1536x1187.png 1536w, https:\/\/peeters-mallaury-portfolio.com\/wp-content\/uploads\/2026\/01\/magazine-futuriste-double-page-mockup-2048x1582.png 2048w\" sizes=\"(max-width: 1024px) 100vw, 1024px\" \/><\/figure>\n","protected":false},"excerpt":{"rendered":"<p>Voici un magazine ici \u00ab\u00a0Jeux Vid\u00e9o.com magazine imaginant ce qu&rsquo;il serait dans le futur et de quoi il pourrait parler [&hellip;]<\/p>\n","protected":false},"author":1,"featured_media":0,"parent":0,"menu_order":0,"comment_status":"closed","ping_status":"closed","template":"","meta":{"site-sidebar-layout":"default","site-content-layout":"","ast-site-content-layout":"","site-content-style":"default","site-sidebar-style":"default","ast-global-header-display":"","ast-banner-title-visibility":"","ast-main-header-display":"","ast-hfb-above-header-display":"","ast-hfb-below-header-display":"","ast-hfb-mobile-header-display":"","site-post-title":"","ast-breadcrumbs-content":"","ast-featured-img":"","footer-sml-layout":"","theme-transparent-header-meta":"","adv-header-id-meta":"","stick-header-meta":"","header-above-stick-meta":"","header-main-stick-meta":"","header-below-stick-meta":"","astra-migrate-meta-layouts":"default","ast-page-background-enabled":"default","ast-page-background-meta":{"desktop":{"background-color":"var(--ast-global-color-5)","background-image":"","background-repeat":"repeat","background-position":"center center","background-size":"auto","background-attachment":"scroll","background-type":"","background-media":"","overlay-type":"","overlay-color":"","overlay-opacity":"","overlay-gradient":""},"tablet":{"background-color":"","background-image":"","background-repeat":"repeat","background-position":"center center","background-size":"auto","background-attachment":"scroll","background-type":"","background-media":"","overlay-type":"","overlay-color":"","overlay-opacity":"","overlay-gradient":""},"mobile":{"background-color":"","background-image":"","background-repeat":"repeat","background-position":"center center","background-size":"auto","background-attachment":"scroll","background-type":"","background-media":"","overlay-type":"","overlay-color":"","overlay-opacity":"","overlay-gradient":""}},"ast-content-background-meta":{"desktop":{"background-color":"var(--ast-global-color-4)","background-image":"","background-repeat":"repeat","background-position":"center center","background-size":"auto","background-attachment":"scroll","background-type":"","background-media":"","overlay-type":"","overlay-color":"","overlay-opacity":"","overlay-gradient":""},"tablet":{"background-color":"var(--ast-global-color-4)","background-image":"","background-repeat":"repeat","background-position":"center center","background-size":"auto","background-attachment":"scroll","background-type":"","background-media":"","overlay-type":"","overlay-color":"","overlay-opacity":"","overlay-gradient":""},"mobile":{"background-color":"var(--ast-global-color-4)","background-image":"","background-repeat":"repeat","background-position":"center center","background-size":"auto","background-attachment":"scroll","background-type":"","background-media":"","overlay-type":"","overlay-color":"","overlay-opacity":"","overlay-gradient":""}},"footnotes":""},"class_list":["post-422","page","type-page","status-publish","hentry"],"_links":{"self":[{"href":"https:\/\/peeters-mallaury-portfolio.com\/index.php?rest_route=\/wp\/v2\/pages\/422","targetHints":{"allow":["GET"]}}],"collection":[{"href":"https:\/\/peeters-mallaury-portfolio.com\/index.php?rest_route=\/wp\/v2\/pages"}],"about":[{"href":"https:\/\/peeters-mallaury-portfolio.com\/index.php?rest_route=\/wp\/v2\/types\/page"}],"author":[{"embeddable":true,"href":"https:\/\/peeters-mallaury-portfolio.com\/index.php?rest_route=\/wp\/v2\/users\/1"}],"replies":[{"embeddable":true,"href":"https:\/\/peeters-mallaury-portfolio.com\/index.php?rest_route=%2Fwp%2Fv2%2Fcomments&post=422"}],"version-history":[{"count":4,"href":"https:\/\/peeters-mallaury-portfolio.com\/index.php?rest_route=\/wp\/v2\/pages\/422\/revisions"}],"predecessor-version":[{"id":431,"href":"https:\/\/peeters-mallaury-portfolio.com\/index.php?rest_route=\/wp\/v2\/pages\/422\/revisions\/431"}],"wp:attachment":[{"href":"https:\/\/peeters-mallaury-portfolio.com\/index.php?rest_route=%2Fwp%2Fv2%2Fmedia&parent=422"}],"curies":[{"name":"wp","href":"https:\/\/api.w.org\/{rel}","templated":true}]}}