{"id":391,"date":"2026-01-14T19:13:18","date_gmt":"2026-01-14T19:13:18","guid":{"rendered":"https:\/\/peeters-mallaury-portfolio.com\/?page_id=391"},"modified":"2026-01-15T16:12:26","modified_gmt":"2026-01-15T16:12:26","slug":"identite-visuelle-radio-on-en-parle-encore","status":"publish","type":"page","link":"https:\/\/peeters-mallaury-portfolio.com\/?page_id=391","title":{"rendered":"Identit\u00e9 visuelle \u00e9mission de radio \u00ab\u00a0On en parle encore\u00a0\u00bb"},"content":{"rendered":"\n<p>Cr\u00e9ation de l&rsquo;identit\u00e9 visuelle d&rsquo;une nouvelle \u00e9mission de radio qui s&rsquo;appelle \u00ab\u00a0On en parle encore\u00a0\u00bb. Cr\u00e9ation du logo de l&rsquo;\u00e9mission avec un micro et un casque comme utilis\u00e9 dans l&rsquo;\u00e9mission. Il y a le logo principal ainsi que ses variantes (noir et blanc, bichromie, etc). Ensuite diff\u00e9rentes mise en situation sur tasse, sur des stickers, sur une enceinte, sur un tapis de souris et une t\u00e9l\u00e9vision.<\/p>\n\n\n\n<figure class=\"wp-block-image aligncenter size-large\"><img fetchpriority=\"high\" decoding=\"async\" width=\"1024\" height=\"535\" src=\"https:\/\/peeters-mallaury-portfolio.com\/wp-content\/uploads\/2026\/01\/logo-radio-1-1024x535.jpg\" alt=\"\" class=\"wp-image-392\" srcset=\"https:\/\/peeters-mallaury-portfolio.com\/wp-content\/uploads\/2026\/01\/logo-radio-1-1024x535.jpg 1024w, https:\/\/peeters-mallaury-portfolio.com\/wp-content\/uploads\/2026\/01\/logo-radio-1-300x157.jpg 300w, https:\/\/peeters-mallaury-portfolio.com\/wp-content\/uploads\/2026\/01\/logo-radio-1-768x401.jpg 768w, https:\/\/peeters-mallaury-portfolio.com\/wp-content\/uploads\/2026\/01\/logo-radio-1-1536x803.jpg 1536w, https:\/\/peeters-mallaury-portfolio.com\/wp-content\/uploads\/2026\/01\/logo-radio-1-2048x1070.jpg 2048w\" sizes=\"(max-width: 1024px) 100vw, 1024px\" \/><\/figure>\n\n\n\n<figure class=\"wp-block-image aligncenter size-large\"><img decoding=\"async\" width=\"705\" height=\"1024\" src=\"https:\/\/peeters-mallaury-portfolio.com\/wp-content\/uploads\/2026\/01\/logo-radio-variantes-705x1024.jpg\" alt=\"\" class=\"wp-image-393\" srcset=\"https:\/\/peeters-mallaury-portfolio.com\/wp-content\/uploads\/2026\/01\/logo-radio-variantes-705x1024.jpg 705w, https:\/\/peeters-mallaury-portfolio.com\/wp-content\/uploads\/2026\/01\/logo-radio-variantes-207x300.jpg 207w, https:\/\/peeters-mallaury-portfolio.com\/wp-content\/uploads\/2026\/01\/logo-radio-variantes-768x1115.jpg 768w, https:\/\/peeters-mallaury-portfolio.com\/wp-content\/uploads\/2026\/01\/logo-radio-variantes-1058x1536.jpg 1058w, https:\/\/peeters-mallaury-portfolio.com\/wp-content\/uploads\/2026\/01\/logo-radio-variantes-1410x2048.jpg 1410w, https:\/\/peeters-mallaury-portfolio.com\/wp-content\/uploads\/2026\/01\/logo-radio-variantes-scaled.jpg 1763w\" sizes=\"(max-width: 705px) 100vw, 705px\" \/><\/figure>\n\n\n\n<figure class=\"wp-block-image aligncenter size-large\"><img decoding=\"async\" width=\"797\" height=\"1024\" src=\"https:\/\/peeters-mallaury-portfolio.com\/wp-content\/uploads\/2026\/01\/Mug-on-en-parle-encore_page-0001-797x1024.jpg\" alt=\"\" class=\"wp-image-394\" srcset=\"https:\/\/peeters-mallaury-portfolio.com\/wp-content\/uploads\/2026\/01\/Mug-on-en-parle-encore_page-0001-797x1024.jpg 797w, https:\/\/peeters-mallaury-portfolio.com\/wp-content\/uploads\/2026\/01\/Mug-on-en-parle-encore_page-0001-233x300.jpg 233w, https:\/\/peeters-mallaury-portfolio.com\/wp-content\/uploads\/2026\/01\/Mug-on-en-parle-encore_page-0001-768x987.jpg 768w, https:\/\/peeters-mallaury-portfolio.com\/wp-content\/uploads\/2026\/01\/Mug-on-en-parle-encore_page-0001-1195x1536.jpg 1195w, https:\/\/peeters-mallaury-portfolio.com\/wp-content\/uploads\/2026\/01\/Mug-on-en-parle-encore_page-0001-1593x2048.jpg 1593w, https:\/\/peeters-mallaury-portfolio.com\/wp-content\/uploads\/2026\/01\/Mug-on-en-parle-encore_page-0001-scaled.jpg 1991w\" sizes=\"(max-width: 797px) 100vw, 797px\" \/><\/figure>\n\n\n\n<figure class=\"wp-block-image aligncenter size-large\"><img loading=\"lazy\" decoding=\"async\" width=\"797\" height=\"1024\" src=\"https:\/\/peeters-mallaury-portfolio.com\/wp-content\/uploads\/2026\/01\/Autocollant-on-en-parle-encore_page-0001-1-797x1024.jpg\" alt=\"\" class=\"wp-image-396\" srcset=\"https:\/\/peeters-mallaury-portfolio.com\/wp-content\/uploads\/2026\/01\/Autocollant-on-en-parle-encore_page-0001-1-797x1024.jpg 797w, https:\/\/peeters-mallaury-portfolio.com\/wp-content\/uploads\/2026\/01\/Autocollant-on-en-parle-encore_page-0001-1-233x300.jpg 233w, https:\/\/peeters-mallaury-portfolio.com\/wp-content\/uploads\/2026\/01\/Autocollant-on-en-parle-encore_page-0001-1-768x987.jpg 768w, https:\/\/peeters-mallaury-portfolio.com\/wp-content\/uploads\/2026\/01\/Autocollant-on-en-parle-encore_page-0001-1-1195x1536.jpg 1195w, https:\/\/peeters-mallaury-portfolio.com\/wp-content\/uploads\/2026\/01\/Autocollant-on-en-parle-encore_page-0001-1-1593x2048.jpg 1593w, https:\/\/peeters-mallaury-portfolio.com\/wp-content\/uploads\/2026\/01\/Autocollant-on-en-parle-encore_page-0001-1-scaled.jpg 1991w\" sizes=\"(max-width: 797px) 100vw, 797px\" \/><\/figure>\n\n\n\n<figure class=\"wp-block-image aligncenter size-large\"><img loading=\"lazy\" decoding=\"async\" width=\"1024\" height=\"962\" src=\"https:\/\/peeters-mallaury-portfolio.com\/wp-content\/uploads\/2026\/01\/Baffle-on-en-parle-encore_page-0001-1024x962.jpg\" alt=\"\" class=\"wp-image-397\" srcset=\"https:\/\/peeters-mallaury-portfolio.com\/wp-content\/uploads\/2026\/01\/Baffle-on-en-parle-encore_page-0001-1024x962.jpg 1024w, https:\/\/peeters-mallaury-portfolio.com\/wp-content\/uploads\/2026\/01\/Baffle-on-en-parle-encore_page-0001-300x282.jpg 300w, https:\/\/peeters-mallaury-portfolio.com\/wp-content\/uploads\/2026\/01\/Baffle-on-en-parle-encore_page-0001-768x722.jpg 768w, https:\/\/peeters-mallaury-portfolio.com\/wp-content\/uploads\/2026\/01\/Baffle-on-en-parle-encore_page-0001-1536x1443.jpg 1536w, https:\/\/peeters-mallaury-portfolio.com\/wp-content\/uploads\/2026\/01\/Baffle-on-en-parle-encore_page-0001-2048x1924.jpg 2048w\" sizes=\"(max-width: 1024px) 100vw, 1024px\" \/><\/figure>\n\n\n\n<figure class=\"wp-block-image aligncenter size-large\"><img loading=\"lazy\" decoding=\"async\" width=\"797\" height=\"1024\" src=\"https:\/\/peeters-mallaury-portfolio.com\/wp-content\/uploads\/2026\/01\/Tapis-de-souris-on-en-parle-encore_page-0001-797x1024.jpg\" alt=\"\" class=\"wp-image-398\" srcset=\"https:\/\/peeters-mallaury-portfolio.com\/wp-content\/uploads\/2026\/01\/Tapis-de-souris-on-en-parle-encore_page-0001-797x1024.jpg 797w, https:\/\/peeters-mallaury-portfolio.com\/wp-content\/uploads\/2026\/01\/Tapis-de-souris-on-en-parle-encore_page-0001-233x300.jpg 233w, https:\/\/peeters-mallaury-portfolio.com\/wp-content\/uploads\/2026\/01\/Tapis-de-souris-on-en-parle-encore_page-0001-768x987.jpg 768w, https:\/\/peeters-mallaury-portfolio.com\/wp-content\/uploads\/2026\/01\/Tapis-de-souris-on-en-parle-encore_page-0001-1195x1536.jpg 1195w, https:\/\/peeters-mallaury-portfolio.com\/wp-content\/uploads\/2026\/01\/Tapis-de-souris-on-en-parle-encore_page-0001-1593x2048.jpg 1593w, https:\/\/peeters-mallaury-portfolio.com\/wp-content\/uploads\/2026\/01\/Tapis-de-souris-on-en-parle-encore_page-0001-scaled.jpg 1991w\" sizes=\"(max-width: 797px) 100vw, 797px\" \/><\/figure>\n\n\n\n<figure class=\"wp-block-image aligncenter size-large\"><img loading=\"lazy\" decoding=\"async\" width=\"1024\" height=\"962\" src=\"https:\/\/peeters-mallaury-portfolio.com\/wp-content\/uploads\/2026\/01\/tele-on-en-parle-encore_page-0001-1024x962.jpg\" alt=\"\" class=\"wp-image-399\" srcset=\"https:\/\/peeters-mallaury-portfolio.com\/wp-content\/uploads\/2026\/01\/tele-on-en-parle-encore_page-0001-1024x962.jpg 1024w, https:\/\/peeters-mallaury-portfolio.com\/wp-content\/uploads\/2026\/01\/tele-on-en-parle-encore_page-0001-300x282.jpg 300w, https:\/\/peeters-mallaury-portfolio.com\/wp-content\/uploads\/2026\/01\/tele-on-en-parle-encore_page-0001-768x722.jpg 768w, https:\/\/peeters-mallaury-portfolio.com\/wp-content\/uploads\/2026\/01\/tele-on-en-parle-encore_page-0001-1536x1443.jpg 1536w, https:\/\/peeters-mallaury-portfolio.com\/wp-content\/uploads\/2026\/01\/tele-on-en-parle-encore_page-0001-2048x1924.jpg 2048w\" sizes=\"(max-width: 1024px) 100vw, 1024px\" \/><\/figure>\n","protected":false},"excerpt":{"rendered":"<p>Cr\u00e9ation de l&rsquo;identit\u00e9 visuelle d&rsquo;une nouvelle \u00e9mission de radio qui s&rsquo;appelle \u00ab\u00a0On en parle encore\u00a0\u00bb. Cr\u00e9ation du logo de l&rsquo;\u00e9mission [&hellip;]<\/p>\n","protected":false},"author":1,"featured_media":0,"parent":0,"menu_order":0,"comment_status":"closed","ping_status":"closed","template":"","meta":{"site-sidebar-layout":"default","site-content-layout":"","ast-site-content-layout":"","site-content-style":"default","site-sidebar-style":"default","ast-global-header-display":"","ast-banner-title-visibility":"","ast-main-header-display":"","ast-hfb-above-header-display":"","ast-hfb-below-header-display":"","ast-hfb-mobile-header-display":"","site-post-title":"","ast-breadcrumbs-content":"","ast-featured-img":"","footer-sml-layout":"","theme-transparent-header-meta":"","adv-header-id-meta":"","stick-header-meta":"","header-above-stick-meta":"","header-main-stick-meta":"","header-below-stick-meta":"","astra-migrate-meta-layouts":"default","ast-page-background-enabled":"default","ast-page-background-meta":{"desktop":{"background-color":"var(--ast-global-color-5)","background-image":"","background-repeat":"repeat","background-position":"center center","background-size":"auto","background-attachment":"scroll","background-type":"","background-media":"","overlay-type":"","overlay-color":"","overlay-opacity":"","overlay-gradient":""},"tablet":{"background-color":"","background-image":"","background-repeat":"repeat","background-position":"center center","background-size":"auto","background-attachment":"scroll","background-type":"","background-media":"","overlay-type":"","overlay-color":"","overlay-opacity":"","overlay-gradient":""},"mobile":{"background-color":"","background-image":"","background-repeat":"repeat","background-position":"center center","background-size":"auto","background-attachment":"scroll","background-type":"","background-media":"","overlay-type":"","overlay-color":"","overlay-opacity":"","overlay-gradient":""}},"ast-content-background-meta":{"desktop":{"background-color":"var(--ast-global-color-4)","background-image":"","background-repeat":"repeat","background-position":"center center","background-size":"auto","background-attachment":"scroll","background-type":"","background-media":"","overlay-type":"","overlay-color":"","overlay-opacity":"","overlay-gradient":""},"tablet":{"background-color":"var(--ast-global-color-4)","background-image":"","background-repeat":"repeat","background-position":"center center","background-size":"auto","background-attachment":"scroll","background-type":"","background-media":"","overlay-type":"","overlay-color":"","overlay-opacity":"","overlay-gradient":""},"mobile":{"background-color":"var(--ast-global-color-4)","background-image":"","background-repeat":"repeat","background-position":"center center","background-size":"auto","background-attachment":"scroll","background-type":"","background-media":"","overlay-type":"","overlay-color":"","overlay-opacity":"","overlay-gradient":""}},"footnotes":""},"class_list":["post-391","page","type-page","status-publish","hentry"],"_links":{"self":[{"href":"https:\/\/peeters-mallaury-portfolio.com\/index.php?rest_route=\/wp\/v2\/pages\/391","targetHints":{"allow":["GET"]}}],"collection":[{"href":"https:\/\/peeters-mallaury-portfolio.com\/index.php?rest_route=\/wp\/v2\/pages"}],"about":[{"href":"https:\/\/peeters-mallaury-portfolio.com\/index.php?rest_route=\/wp\/v2\/types\/page"}],"author":[{"embeddable":true,"href":"https:\/\/peeters-mallaury-portfolio.com\/index.php?rest_route=\/wp\/v2\/users\/1"}],"replies":[{"embeddable":true,"href":"https:\/\/peeters-mallaury-portfolio.com\/index.php?rest_route=%2Fwp%2Fv2%2Fcomments&post=391"}],"version-history":[{"count":4,"href":"https:\/\/peeters-mallaury-portfolio.com\/index.php?rest_route=\/wp\/v2\/pages\/391\/revisions"}],"predecessor-version":[{"id":417,"href":"https:\/\/peeters-mallaury-portfolio.com\/index.php?rest_route=\/wp\/v2\/pages\/391\/revisions\/417"}],"wp:attachment":[{"href":"https:\/\/peeters-mallaury-portfolio.com\/index.php?rest_route=%2Fwp%2Fv2%2Fmedia&parent=391"}],"curies":[{"name":"wp","href":"https:\/\/api.w.org\/{rel}","templated":true}]}}