{"id":375,"date":"2026-01-14T17:17:56","date_gmt":"2026-01-14T17:17:56","guid":{"rendered":"https:\/\/peeters-mallaury-portfolio.com\/?page_id=375"},"modified":"2026-01-15T15:32:36","modified_gmt":"2026-01-15T15:32:36","slug":"identite-visuelle-ephemere-ghost-library","status":"publish","type":"page","link":"https:\/\/peeters-mallaury-portfolio.com\/?page_id=375","title":{"rendered":"Identit\u00e9 Visuelle \u00c9ph\u00e9m\u00e8re \u00ab\u00a0Ghost Library\u00a0\u00bb"},"content":{"rendered":"\n<p>Cr\u00e9ation de l&rsquo;identit\u00e9 visuelle d&rsquo;une librairie \u00e9ph\u00e9m\u00e8re qui s&rsquo;appelle Ghost Library. La librairie est dans un th\u00e8me de fant\u00f4mes pour Halloween. J&rsquo;ai donc cr\u00e9er l&rsquo;identit\u00e9 visuelle avec le logo inspir\u00e9 par celui du film sos fant\u00f4me. Il y a diff\u00e9rentes versions du logo niveau couleurs. J&rsquo;ai ensuite r\u00e9aliser des posts instagram, le th\u00e8me est de dire que la librairie est hant\u00e9e et qu&rsquo;elle cherche des chasseurs de fant\u00f4mes et l&rsquo;autre post montre un ph\u00e9nom\u00e8ne paranormal observ\u00e9 dans la librairie. J&rsquo;ai ensuite r\u00e9alis\u00e9 des roll up pour la librairie un disant que l&rsquo;entr\u00e9e est r\u00e9serv\u00e9e aux chasseurs de fant\u00f4mes et l&rsquo;autre mettant en garde en disant qu&rsquo;\u00e0 l&rsquo;int\u00e9rieur de la librairie il y a des ph\u00e9nom\u00e8nes paranormaux. Il y a \u00e9galement une image de la devanture de la librairie avec le logo et les deux roll up. Et pour finir j&rsquo;ai aussi r\u00e9alis\u00e9 une affiche Wanted, comme si la librairie cherchait des chasseurs de fant\u00f4mes, les invitant a venir \u00e0 la Ghost Library pendant la semaine d&rsquo;halloween, accompagn\u00e9 par une photo des ph\u00e9nom\u00e8nes paranormaux de la librairie. Avec \u00e7a une mise en situation de l&rsquo;affiche \u00e0 l&rsquo;int\u00e9rieur de la librairie.<\/p>\n\n\n\n<figure class=\"wp-block-image aligncenter size-large\"><img fetchpriority=\"high\" decoding=\"async\" width=\"1024\" height=\"506\" src=\"https:\/\/peeters-mallaury-portfolio.com\/wp-content\/uploads\/2026\/01\/logo-ghost-library-1-1024x506.jpg\" alt=\"\" class=\"wp-image-376\" srcset=\"https:\/\/peeters-mallaury-portfolio.com\/wp-content\/uploads\/2026\/01\/logo-ghost-library-1-1024x506.jpg 1024w, https:\/\/peeters-mallaury-portfolio.com\/wp-content\/uploads\/2026\/01\/logo-ghost-library-1-300x148.jpg 300w, https:\/\/peeters-mallaury-portfolio.com\/wp-content\/uploads\/2026\/01\/logo-ghost-library-1-768x379.jpg 768w, https:\/\/peeters-mallaury-portfolio.com\/wp-content\/uploads\/2026\/01\/logo-ghost-library-1-1536x759.jpg 1536w, https:\/\/peeters-mallaury-portfolio.com\/wp-content\/uploads\/2026\/01\/logo-ghost-library-1-2048x1012.jpg 2048w\" sizes=\"(max-width: 1024px) 100vw, 1024px\" \/><\/figure>\n\n\n\n<figure class=\"wp-block-image aligncenter size-large\"><img decoding=\"async\" width=\"1024\" height=\"506\" src=\"https:\/\/peeters-mallaury-portfolio.com\/wp-content\/uploads\/2026\/01\/logo-ghost-library-2-1024x506.jpg\" alt=\"\" class=\"wp-image-377\" srcset=\"https:\/\/peeters-mallaury-portfolio.com\/wp-content\/uploads\/2026\/01\/logo-ghost-library-2-1024x506.jpg 1024w, https:\/\/peeters-mallaury-portfolio.com\/wp-content\/uploads\/2026\/01\/logo-ghost-library-2-300x148.jpg 300w, https:\/\/peeters-mallaury-portfolio.com\/wp-content\/uploads\/2026\/01\/logo-ghost-library-2-768x379.jpg 768w, https:\/\/peeters-mallaury-portfolio.com\/wp-content\/uploads\/2026\/01\/logo-ghost-library-2-1536x759.jpg 1536w, https:\/\/peeters-mallaury-portfolio.com\/wp-content\/uploads\/2026\/01\/logo-ghost-library-2-2048x1012.jpg 2048w\" sizes=\"(max-width: 1024px) 100vw, 1024px\" \/><\/figure>\n\n\n\n<figure class=\"wp-block-image aligncenter size-large\"><img decoding=\"async\" width=\"1024\" height=\"506\" src=\"https:\/\/peeters-mallaury-portfolio.com\/wp-content\/uploads\/2026\/01\/logo-ghost-library-3-1024x506.jpg\" alt=\"\" class=\"wp-image-378\" srcset=\"https:\/\/peeters-mallaury-portfolio.com\/wp-content\/uploads\/2026\/01\/logo-ghost-library-3-1024x506.jpg 1024w, https:\/\/peeters-mallaury-portfolio.com\/wp-content\/uploads\/2026\/01\/logo-ghost-library-3-300x148.jpg 300w, https:\/\/peeters-mallaury-portfolio.com\/wp-content\/uploads\/2026\/01\/logo-ghost-library-3-768x379.jpg 768w, https:\/\/peeters-mallaury-portfolio.com\/wp-content\/uploads\/2026\/01\/logo-ghost-library-3-1536x759.jpg 1536w, https:\/\/peeters-mallaury-portfolio.com\/wp-content\/uploads\/2026\/01\/logo-ghost-library-3-2048x1012.jpg 2048w\" sizes=\"(max-width: 1024px) 100vw, 1024px\" \/><\/figure>\n\n\n\n<figure class=\"wp-block-image aligncenter size-large\"><img loading=\"lazy\" decoding=\"async\" width=\"1024\" height=\"1024\" src=\"https:\/\/peeters-mallaury-portfolio.com\/wp-content\/uploads\/2026\/01\/post-insta-ghost-library-2_page-0001-1024x1024.jpg\" alt=\"\" class=\"wp-image-379\" srcset=\"https:\/\/peeters-mallaury-portfolio.com\/wp-content\/uploads\/2026\/01\/post-insta-ghost-library-2_page-0001-1024x1024.jpg 1024w, https:\/\/peeters-mallaury-portfolio.com\/wp-content\/uploads\/2026\/01\/post-insta-ghost-library-2_page-0001-300x300.jpg 300w, https:\/\/peeters-mallaury-portfolio.com\/wp-content\/uploads\/2026\/01\/post-insta-ghost-library-2_page-0001-150x150.jpg 150w, https:\/\/peeters-mallaury-portfolio.com\/wp-content\/uploads\/2026\/01\/post-insta-ghost-library-2_page-0001-768x768.jpg 768w, https:\/\/peeters-mallaury-portfolio.com\/wp-content\/uploads\/2026\/01\/post-insta-ghost-library-2_page-0001.jpg 1042w\" sizes=\"(max-width: 1024px) 100vw, 1024px\" \/><\/figure>\n\n\n\n<figure class=\"wp-block-image aligncenter size-large\"><img loading=\"lazy\" decoding=\"async\" width=\"1024\" height=\"1024\" src=\"https:\/\/peeters-mallaury-portfolio.com\/wp-content\/uploads\/2026\/01\/post-insta-ghost-library_page-0001-1024x1024.jpg\" alt=\"\" class=\"wp-image-380\" srcset=\"https:\/\/peeters-mallaury-portfolio.com\/wp-content\/uploads\/2026\/01\/post-insta-ghost-library_page-0001-1024x1024.jpg 1024w, https:\/\/peeters-mallaury-portfolio.com\/wp-content\/uploads\/2026\/01\/post-insta-ghost-library_page-0001-300x300.jpg 300w, https:\/\/peeters-mallaury-portfolio.com\/wp-content\/uploads\/2026\/01\/post-insta-ghost-library_page-0001-150x150.jpg 150w, https:\/\/peeters-mallaury-portfolio.com\/wp-content\/uploads\/2026\/01\/post-insta-ghost-library_page-0001-768x768.jpg 768w, https:\/\/peeters-mallaury-portfolio.com\/wp-content\/uploads\/2026\/01\/post-insta-ghost-library_page-0001.jpg 1042w\" sizes=\"(max-width: 1024px) 100vw, 1024px\" \/><\/figure>\n\n\n\n<figure class=\"wp-block-image aligncenter size-large\"><img loading=\"lazy\" decoding=\"async\" width=\"1024\" height=\"1024\" src=\"https:\/\/peeters-mallaury-portfolio.com\/wp-content\/uploads\/2026\/01\/roll-up-ghost-library-2_page-0001-1024x1024.jpg\" alt=\"\" class=\"wp-image-381\" srcset=\"https:\/\/peeters-mallaury-portfolio.com\/wp-content\/uploads\/2026\/01\/roll-up-ghost-library-2_page-0001-1024x1024.jpg 1024w, https:\/\/peeters-mallaury-portfolio.com\/wp-content\/uploads\/2026\/01\/roll-up-ghost-library-2_page-0001-300x300.jpg 300w, https:\/\/peeters-mallaury-portfolio.com\/wp-content\/uploads\/2026\/01\/roll-up-ghost-library-2_page-0001-150x150.jpg 150w, https:\/\/peeters-mallaury-portfolio.com\/wp-content\/uploads\/2026\/01\/roll-up-ghost-library-2_page-0001-768x768.jpg 768w, https:\/\/peeters-mallaury-portfolio.com\/wp-content\/uploads\/2026\/01\/roll-up-ghost-library-2_page-0001-1536x1536.jpg 1536w, https:\/\/peeters-mallaury-portfolio.com\/wp-content\/uploads\/2026\/01\/roll-up-ghost-library-2_page-0001-2048x2048.jpg 2048w\" sizes=\"(max-width: 1024px) 100vw, 1024px\" \/><\/figure>\n\n\n\n<figure class=\"wp-block-image aligncenter size-large\"><img loading=\"lazy\" decoding=\"async\" width=\"1024\" height=\"1024\" src=\"https:\/\/peeters-mallaury-portfolio.com\/wp-content\/uploads\/2026\/01\/roll-up-ghost-library_page-0001-1024x1024.jpg\" alt=\"\" class=\"wp-image-382\" srcset=\"https:\/\/peeters-mallaury-portfolio.com\/wp-content\/uploads\/2026\/01\/roll-up-ghost-library_page-0001-1024x1024.jpg 1024w, https:\/\/peeters-mallaury-portfolio.com\/wp-content\/uploads\/2026\/01\/roll-up-ghost-library_page-0001-300x300.jpg 300w, https:\/\/peeters-mallaury-portfolio.com\/wp-content\/uploads\/2026\/01\/roll-up-ghost-library_page-0001-150x150.jpg 150w, https:\/\/peeters-mallaury-portfolio.com\/wp-content\/uploads\/2026\/01\/roll-up-ghost-library_page-0001-768x768.jpg 768w, https:\/\/peeters-mallaury-portfolio.com\/wp-content\/uploads\/2026\/01\/roll-up-ghost-library_page-0001-1536x1536.jpg 1536w, https:\/\/peeters-mallaury-portfolio.com\/wp-content\/uploads\/2026\/01\/roll-up-ghost-library_page-0001-2048x2048.jpg 2048w\" sizes=\"(max-width: 1024px) 100vw, 1024px\" \/><\/figure>\n\n\n\n<figure class=\"wp-block-image aligncenter size-large\"><img loading=\"lazy\" decoding=\"async\" width=\"1024\" height=\"490\" src=\"https:\/\/peeters-mallaury-portfolio.com\/wp-content\/uploads\/2026\/01\/Devanture-de-ghost-library-1024x490.jpg\" alt=\"\" class=\"wp-image-383\" srcset=\"https:\/\/peeters-mallaury-portfolio.com\/wp-content\/uploads\/2026\/01\/Devanture-de-ghost-library-1024x490.jpg 1024w, https:\/\/peeters-mallaury-portfolio.com\/wp-content\/uploads\/2026\/01\/Devanture-de-ghost-library-300x143.jpg 300w, https:\/\/peeters-mallaury-portfolio.com\/wp-content\/uploads\/2026\/01\/Devanture-de-ghost-library-768x367.jpg 768w, https:\/\/peeters-mallaury-portfolio.com\/wp-content\/uploads\/2026\/01\/Devanture-de-ghost-library-1536x735.jpg 1536w, https:\/\/peeters-mallaury-portfolio.com\/wp-content\/uploads\/2026\/01\/Devanture-de-ghost-library-2048x980.jpg 2048w\" sizes=\"(max-width: 1024px) 100vw, 1024px\" \/><\/figure>\n\n\n\n<figure class=\"wp-block-image aligncenter size-large\"><img loading=\"lazy\" decoding=\"async\" width=\"1024\" height=\"1024\" src=\"https:\/\/peeters-mallaury-portfolio.com\/wp-content\/uploads\/2026\/01\/Affiche-avis-de-recherche-ghost-library_page-0001-1024x1024.jpg\" alt=\"\" class=\"wp-image-384\" srcset=\"https:\/\/peeters-mallaury-portfolio.com\/wp-content\/uploads\/2026\/01\/Affiche-avis-de-recherche-ghost-library_page-0001-1024x1024.jpg 1024w, https:\/\/peeters-mallaury-portfolio.com\/wp-content\/uploads\/2026\/01\/Affiche-avis-de-recherche-ghost-library_page-0001-300x300.jpg 300w, https:\/\/peeters-mallaury-portfolio.com\/wp-content\/uploads\/2026\/01\/Affiche-avis-de-recherche-ghost-library_page-0001-150x150.jpg 150w, https:\/\/peeters-mallaury-portfolio.com\/wp-content\/uploads\/2026\/01\/Affiche-avis-de-recherche-ghost-library_page-0001-768x768.jpg 768w, https:\/\/peeters-mallaury-portfolio.com\/wp-content\/uploads\/2026\/01\/Affiche-avis-de-recherche-ghost-library_page-0001-1536x1536.jpg 1536w, https:\/\/peeters-mallaury-portfolio.com\/wp-content\/uploads\/2026\/01\/Affiche-avis-de-recherche-ghost-library_page-0001-2048x2048.jpg 2048w\" sizes=\"(max-width: 1024px) 100vw, 1024px\" \/><\/figure>\n\n\n\n<figure class=\"wp-block-image aligncenter size-large\"><img loading=\"lazy\" decoding=\"async\" width=\"683\" height=\"1024\" src=\"https:\/\/peeters-mallaury-portfolio.com\/wp-content\/uploads\/2026\/01\/interieur-de-ghost-library_page-0001-1-683x1024.jpg\" alt=\"\" class=\"wp-image-386\" srcset=\"https:\/\/peeters-mallaury-portfolio.com\/wp-content\/uploads\/2026\/01\/interieur-de-ghost-library_page-0001-1-683x1024.jpg 683w, https:\/\/peeters-mallaury-portfolio.com\/wp-content\/uploads\/2026\/01\/interieur-de-ghost-library_page-0001-1-200x300.jpg 200w, https:\/\/peeters-mallaury-portfolio.com\/wp-content\/uploads\/2026\/01\/interieur-de-ghost-library_page-0001-1-768x1152.jpg 768w, https:\/\/peeters-mallaury-portfolio.com\/wp-content\/uploads\/2026\/01\/interieur-de-ghost-library_page-0001-1-1024x1536.jpg 1024w, https:\/\/peeters-mallaury-portfolio.com\/wp-content\/uploads\/2026\/01\/interieur-de-ghost-library_page-0001-1-1365x2048.jpg 1365w, https:\/\/peeters-mallaury-portfolio.com\/wp-content\/uploads\/2026\/01\/interieur-de-ghost-library_page-0001-1-scaled.jpg 1707w\" sizes=\"(max-width: 683px) 100vw, 683px\" \/><\/figure>\n","protected":false},"excerpt":{"rendered":"<p>Cr\u00e9ation de l&rsquo;identit\u00e9 visuelle d&rsquo;une librairie \u00e9ph\u00e9m\u00e8re qui s&rsquo;appelle Ghost Library. La librairie est dans un th\u00e8me de fant\u00f4mes pour [&hellip;]<\/p>\n","protected":false},"author":1,"featured_media":0,"parent":0,"menu_order":0,"comment_status":"closed","ping_status":"closed","template":"","meta":{"site-sidebar-layout":"default","site-content-layout":"","ast-site-content-layout":"","site-content-style":"default","site-sidebar-style":"default","ast-global-header-display":"","ast-banner-title-visibility":"","ast-main-header-display":"","ast-hfb-above-header-display":"","ast-hfb-below-header-display":"","ast-hfb-mobile-header-display":"","site-post-title":"","ast-breadcrumbs-content":"","ast-featured-img":"","footer-sml-layout":"","theme-transparent-header-meta":"","adv-header-id-meta":"","stick-header-meta":"","header-above-stick-meta":"","header-main-stick-meta":"","header-below-stick-meta":"","astra-migrate-meta-layouts":"default","ast-page-background-enabled":"default","ast-page-background-meta":{"desktop":{"background-color":"var(--ast-global-color-5)","background-image":"","background-repeat":"repeat","background-position":"center center","background-size":"auto","background-attachment":"scroll","background-type":"","background-media":"","overlay-type":"","overlay-color":"","overlay-opacity":"","overlay-gradient":""},"tablet":{"background-color":"","background-image":"","background-repeat":"repeat","background-position":"center center","background-size":"auto","background-attachment":"scroll","background-type":"","background-media":"","overlay-type":"","overlay-color":"","overlay-opacity":"","overlay-gradient":""},"mobile":{"background-color":"","background-image":"","background-repeat":"repeat","background-position":"center center","background-size":"auto","background-attachment":"scroll","background-type":"","background-media":"","overlay-type":"","overlay-color":"","overlay-opacity":"","overlay-gradient":""}},"ast-content-background-meta":{"desktop":{"background-color":"var(--ast-global-color-4)","background-image":"","background-repeat":"repeat","background-position":"center center","background-size":"auto","background-attachment":"scroll","background-type":"","background-media":"","overlay-type":"","overlay-color":"","overlay-opacity":"","overlay-gradient":""},"tablet":{"background-color":"var(--ast-global-color-4)","background-image":"","background-repeat":"repeat","background-position":"center center","background-size":"auto","background-attachment":"scroll","background-type":"","background-media":"","overlay-type":"","overlay-color":"","overlay-opacity":"","overlay-gradient":""},"mobile":{"background-color":"var(--ast-global-color-4)","background-image":"","background-repeat":"repeat","background-position":"center center","background-size":"auto","background-attachment":"scroll","background-type":"","background-media":"","overlay-type":"","overlay-color":"","overlay-opacity":"","overlay-gradient":""}},"footnotes":""},"class_list":["post-375","page","type-page","status-publish","hentry"],"_links":{"self":[{"href":"https:\/\/peeters-mallaury-portfolio.com\/index.php?rest_route=\/wp\/v2\/pages\/375","targetHints":{"allow":["GET"]}}],"collection":[{"href":"https:\/\/peeters-mallaury-portfolio.com\/index.php?rest_route=\/wp\/v2\/pages"}],"about":[{"href":"https:\/\/peeters-mallaury-portfolio.com\/index.php?rest_route=\/wp\/v2\/types\/page"}],"author":[{"embeddable":true,"href":"https:\/\/peeters-mallaury-portfolio.com\/index.php?rest_route=\/wp\/v2\/users\/1"}],"replies":[{"embeddable":true,"href":"https:\/\/peeters-mallaury-portfolio.com\/index.php?rest_route=%2Fwp%2Fv2%2Fcomments&post=375"}],"version-history":[{"count":3,"href":"https:\/\/peeters-mallaury-portfolio.com\/index.php?rest_route=\/wp\/v2\/pages\/375\/revisions"}],"predecessor-version":[{"id":405,"href":"https:\/\/peeters-mallaury-portfolio.com\/index.php?rest_route=\/wp\/v2\/pages\/375\/revisions\/405"}],"wp:attachment":[{"href":"https:\/\/peeters-mallaury-portfolio.com\/index.php?rest_route=%2Fwp%2Fv2%2Fmedia&parent=375"}],"curies":[{"name":"wp","href":"https:\/\/api.w.org\/{rel}","templated":true}]}}