{"id":360,"date":"2026-01-14T16:33:24","date_gmt":"2026-01-14T16:33:24","guid":{"rendered":"https:\/\/peeters-mallaury-portfolio.com\/?page_id=360"},"modified":"2026-01-15T16:01:13","modified_gmt":"2026-01-15T16:01:13","slug":"boites-de-cereales-coca-crunch","status":"publish","type":"page","link":"https:\/\/peeters-mallaury-portfolio.com\/?page_id=360","title":{"rendered":"Bo\u00eetes de c\u00e9r\u00e9ales \u00ab\u00a0Coca Crunch\u00a0\u00bb"},"content":{"rendered":"\n<p>Cr\u00e9ation d&rsquo;une bo\u00eete de c\u00e9r\u00e9ales au Coca Cola dont le nom est \u00ab\u00a0Coca Crunch\u00a0\u00bb. Les c\u00e9r\u00e9ales sont au chocolat p\u00e9tillant. J&rsquo;ai donc cr\u00e9er le logo de Coca Crunch mais aussi pour les deux autres gouts le Coca Crunch Zero et le Coca Crunch Light. Apr\u00e8s \u00e7a j&rsquo;ai r\u00e9alis\u00e9 le visuel des bo\u00eetes de c\u00e9r\u00e9ales pour les trois gouts et j&rsquo;ai cr\u00e9er un petit personnage qui repr\u00e9sente une c\u00e9r\u00e9ales. J&rsquo;ai aussi fait le visuel des bols de c\u00e9r\u00e9ales pour les trois gouts. Pour finir j&rsquo;ai fait une petite animation pour Coca Crunch montrant les trois gouts ainsi que les trois bo\u00eetes. Cette animation pourrait \u00eatre utilis\u00e9 pour les r\u00e9seaux sociaux.<\/p>\n\n\n\n<figure class=\"wp-block-image aligncenter size-large\"><img fetchpriority=\"high\" decoding=\"async\" width=\"1024\" height=\"504\" src=\"https:\/\/peeters-mallaury-portfolio.com\/wp-content\/uploads\/2026\/01\/Logo-coca-crunch-1024x504.jpg\" alt=\"\" class=\"wp-image-408\" srcset=\"https:\/\/peeters-mallaury-portfolio.com\/wp-content\/uploads\/2026\/01\/Logo-coca-crunch-1024x504.jpg 1024w, https:\/\/peeters-mallaury-portfolio.com\/wp-content\/uploads\/2026\/01\/Logo-coca-crunch-300x148.jpg 300w, https:\/\/peeters-mallaury-portfolio.com\/wp-content\/uploads\/2026\/01\/Logo-coca-crunch-768x378.jpg 768w, https:\/\/peeters-mallaury-portfolio.com\/wp-content\/uploads\/2026\/01\/Logo-coca-crunch-1536x756.jpg 1536w, https:\/\/peeters-mallaury-portfolio.com\/wp-content\/uploads\/2026\/01\/Logo-coca-crunch-2048x1008.jpg 2048w\" sizes=\"(max-width: 1024px) 100vw, 1024px\" \/><\/figure>\n\n\n\n<figure class=\"wp-block-image aligncenter size-large\"><img decoding=\"async\" width=\"1024\" height=\"504\" src=\"https:\/\/peeters-mallaury-portfolio.com\/wp-content\/uploads\/2026\/01\/Logo-coca-crunch-zero-1024x504.jpg\" alt=\"\" class=\"wp-image-409\" srcset=\"https:\/\/peeters-mallaury-portfolio.com\/wp-content\/uploads\/2026\/01\/Logo-coca-crunch-zero-1024x504.jpg 1024w, https:\/\/peeters-mallaury-portfolio.com\/wp-content\/uploads\/2026\/01\/Logo-coca-crunch-zero-300x148.jpg 300w, https:\/\/peeters-mallaury-portfolio.com\/wp-content\/uploads\/2026\/01\/Logo-coca-crunch-zero-768x378.jpg 768w, https:\/\/peeters-mallaury-portfolio.com\/wp-content\/uploads\/2026\/01\/Logo-coca-crunch-zero-1536x756.jpg 1536w, https:\/\/peeters-mallaury-portfolio.com\/wp-content\/uploads\/2026\/01\/Logo-coca-crunch-zero-2048x1008.jpg 2048w\" sizes=\"(max-width: 1024px) 100vw, 1024px\" \/><\/figure>\n\n\n\n<figure class=\"wp-block-image aligncenter size-large\"><img decoding=\"async\" width=\"1024\" height=\"504\" src=\"https:\/\/peeters-mallaury-portfolio.com\/wp-content\/uploads\/2026\/01\/Logo-coca-crunch-light-1024x504.jpg\" alt=\"\" class=\"wp-image-410\" srcset=\"https:\/\/peeters-mallaury-portfolio.com\/wp-content\/uploads\/2026\/01\/Logo-coca-crunch-light-1024x504.jpg 1024w, https:\/\/peeters-mallaury-portfolio.com\/wp-content\/uploads\/2026\/01\/Logo-coca-crunch-light-300x148.jpg 300w, https:\/\/peeters-mallaury-portfolio.com\/wp-content\/uploads\/2026\/01\/Logo-coca-crunch-light-768x378.jpg 768w, https:\/\/peeters-mallaury-portfolio.com\/wp-content\/uploads\/2026\/01\/Logo-coca-crunch-light-1536x756.jpg 1536w, https:\/\/peeters-mallaury-portfolio.com\/wp-content\/uploads\/2026\/01\/Logo-coca-crunch-light-2048x1008.jpg 2048w\" sizes=\"(max-width: 1024px) 100vw, 1024px\" \/><\/figure>\n\n\n\n<figure class=\"wp-block-image aligncenter size-large\"><img loading=\"lazy\" decoding=\"async\" width=\"747\" height=\"1024\" src=\"https:\/\/peeters-mallaury-portfolio.com\/wp-content\/uploads\/2026\/01\/boite-coca-crunch_page-0001-4-747x1024.jpg\" alt=\"\" class=\"wp-image-361\" srcset=\"https:\/\/peeters-mallaury-portfolio.com\/wp-content\/uploads\/2026\/01\/boite-coca-crunch_page-0001-4-747x1024.jpg 747w, https:\/\/peeters-mallaury-portfolio.com\/wp-content\/uploads\/2026\/01\/boite-coca-crunch_page-0001-4-219x300.jpg 219w, https:\/\/peeters-mallaury-portfolio.com\/wp-content\/uploads\/2026\/01\/boite-coca-crunch_page-0001-4-768x1053.jpg 768w, https:\/\/peeters-mallaury-portfolio.com\/wp-content\/uploads\/2026\/01\/boite-coca-crunch_page-0001-4-1121x1536.jpg 1121w, https:\/\/peeters-mallaury-portfolio.com\/wp-content\/uploads\/2026\/01\/boite-coca-crunch_page-0001-4-1494x2048.jpg 1494w, https:\/\/peeters-mallaury-portfolio.com\/wp-content\/uploads\/2026\/01\/boite-coca-crunch_page-0001-4-scaled.jpg 1868w\" sizes=\"(max-width: 747px) 100vw, 747px\" \/><\/figure>\n\n\n\n<figure class=\"wp-block-image aligncenter size-large\"><img loading=\"lazy\" decoding=\"async\" width=\"747\" height=\"1024\" src=\"https:\/\/peeters-mallaury-portfolio.com\/wp-content\/uploads\/2026\/01\/boite-coca-crunch-zero_page-0001-747x1024.jpg\" alt=\"\" class=\"wp-image-364\" srcset=\"https:\/\/peeters-mallaury-portfolio.com\/wp-content\/uploads\/2026\/01\/boite-coca-crunch-zero_page-0001-747x1024.jpg 747w, https:\/\/peeters-mallaury-portfolio.com\/wp-content\/uploads\/2026\/01\/boite-coca-crunch-zero_page-0001-219x300.jpg 219w, https:\/\/peeters-mallaury-portfolio.com\/wp-content\/uploads\/2026\/01\/boite-coca-crunch-zero_page-0001-768x1053.jpg 768w, https:\/\/peeters-mallaury-portfolio.com\/wp-content\/uploads\/2026\/01\/boite-coca-crunch-zero_page-0001-1121x1536.jpg 1121w, https:\/\/peeters-mallaury-portfolio.com\/wp-content\/uploads\/2026\/01\/boite-coca-crunch-zero_page-0001-1494x2048.jpg 1494w, https:\/\/peeters-mallaury-portfolio.com\/wp-content\/uploads\/2026\/01\/boite-coca-crunch-zero_page-0001-scaled.jpg 1868w\" sizes=\"(max-width: 747px) 100vw, 747px\" \/><\/figure>\n\n\n\n<figure class=\"wp-block-image aligncenter size-large\"><img loading=\"lazy\" decoding=\"async\" width=\"747\" height=\"1024\" src=\"https:\/\/peeters-mallaury-portfolio.com\/wp-content\/uploads\/2026\/01\/Boite-coca-crunch-light_page-0001-747x1024.jpg\" alt=\"\" class=\"wp-image-366\" srcset=\"https:\/\/peeters-mallaury-portfolio.com\/wp-content\/uploads\/2026\/01\/Boite-coca-crunch-light_page-0001-747x1024.jpg 747w, https:\/\/peeters-mallaury-portfolio.com\/wp-content\/uploads\/2026\/01\/Boite-coca-crunch-light_page-0001-219x300.jpg 219w, https:\/\/peeters-mallaury-portfolio.com\/wp-content\/uploads\/2026\/01\/Boite-coca-crunch-light_page-0001-768x1053.jpg 768w, https:\/\/peeters-mallaury-portfolio.com\/wp-content\/uploads\/2026\/01\/Boite-coca-crunch-light_page-0001-1121x1536.jpg 1121w, https:\/\/peeters-mallaury-portfolio.com\/wp-content\/uploads\/2026\/01\/Boite-coca-crunch-light_page-0001-1494x2048.jpg 1494w, https:\/\/peeters-mallaury-portfolio.com\/wp-content\/uploads\/2026\/01\/Boite-coca-crunch-light_page-0001-scaled.jpg 1868w\" sizes=\"(max-width: 747px) 100vw, 747px\" \/><\/figure>\n\n\n\n<figure class=\"wp-block-image aligncenter size-large\"><img loading=\"lazy\" decoding=\"async\" width=\"1024\" height=\"448\" src=\"https:\/\/peeters-mallaury-portfolio.com\/wp-content\/uploads\/2026\/01\/bol-coca-crunch_page-0001-1024x448.jpg\" alt=\"\" class=\"wp-image-367\" srcset=\"https:\/\/peeters-mallaury-portfolio.com\/wp-content\/uploads\/2026\/01\/bol-coca-crunch_page-0001-1024x448.jpg 1024w, https:\/\/peeters-mallaury-portfolio.com\/wp-content\/uploads\/2026\/01\/bol-coca-crunch_page-0001-300x131.jpg 300w, https:\/\/peeters-mallaury-portfolio.com\/wp-content\/uploads\/2026\/01\/bol-coca-crunch_page-0001-768x336.jpg 768w, https:\/\/peeters-mallaury-portfolio.com\/wp-content\/uploads\/2026\/01\/bol-coca-crunch_page-0001-1536x672.jpg 1536w, https:\/\/peeters-mallaury-portfolio.com\/wp-content\/uploads\/2026\/01\/bol-coca-crunch_page-0001-2048x896.jpg 2048w\" sizes=\"(max-width: 1024px) 100vw, 1024px\" \/><\/figure>\n\n\n\n<figure class=\"wp-block-image aligncenter size-large\"><img loading=\"lazy\" decoding=\"async\" width=\"1024\" height=\"448\" src=\"https:\/\/peeters-mallaury-portfolio.com\/wp-content\/uploads\/2026\/01\/bol-coca-crunch-zero_page-0001-1024x448.jpg\" alt=\"\" class=\"wp-image-368\" srcset=\"https:\/\/peeters-mallaury-portfolio.com\/wp-content\/uploads\/2026\/01\/bol-coca-crunch-zero_page-0001-1024x448.jpg 1024w, https:\/\/peeters-mallaury-portfolio.com\/wp-content\/uploads\/2026\/01\/bol-coca-crunch-zero_page-0001-300x131.jpg 300w, https:\/\/peeters-mallaury-portfolio.com\/wp-content\/uploads\/2026\/01\/bol-coca-crunch-zero_page-0001-768x336.jpg 768w, https:\/\/peeters-mallaury-portfolio.com\/wp-content\/uploads\/2026\/01\/bol-coca-crunch-zero_page-0001-1536x672.jpg 1536w, https:\/\/peeters-mallaury-portfolio.com\/wp-content\/uploads\/2026\/01\/bol-coca-crunch-zero_page-0001-2048x896.jpg 2048w\" sizes=\"(max-width: 1024px) 100vw, 1024px\" \/><\/figure>\n\n\n\n<figure class=\"wp-block-image aligncenter size-large\"><img loading=\"lazy\" decoding=\"async\" width=\"1024\" height=\"535\" src=\"https:\/\/peeters-mallaury-portfolio.com\/wp-content\/uploads\/2026\/01\/bol-coca-crunch-light_page-0001-1024x535.jpg\" alt=\"\" class=\"wp-image-369\" srcset=\"https:\/\/peeters-mallaury-portfolio.com\/wp-content\/uploads\/2026\/01\/bol-coca-crunch-light_page-0001-1024x535.jpg 1024w, https:\/\/peeters-mallaury-portfolio.com\/wp-content\/uploads\/2026\/01\/bol-coca-crunch-light_page-0001-300x157.jpg 300w, https:\/\/peeters-mallaury-portfolio.com\/wp-content\/uploads\/2026\/01\/bol-coca-crunch-light_page-0001-768x402.jpg 768w, https:\/\/peeters-mallaury-portfolio.com\/wp-content\/uploads\/2026\/01\/bol-coca-crunch-light_page-0001-1536x803.jpg 1536w, https:\/\/peeters-mallaury-portfolio.com\/wp-content\/uploads\/2026\/01\/bol-coca-crunch-light_page-0001-2048x1071.jpg 2048w\" sizes=\"(max-width: 1024px) 100vw, 1024px\" \/><\/figure>\n\n\n\n<figure class=\"wp-block-video aligncenter\"><video height=\"1280\" style=\"aspect-ratio: 720 \/ 1280;\" width=\"720\" controls src=\"https:\/\/peeters-mallaury-portfolio.com\/wp-content\/uploads\/2026\/01\/animation-coca-crunch.mp4\"><\/video><\/figure>\n\n\n\n<p><\/p>\n","protected":false},"excerpt":{"rendered":"<p>Cr\u00e9ation d&rsquo;une bo\u00eete de c\u00e9r\u00e9ales au Coca Cola dont le nom est \u00ab\u00a0Coca Crunch\u00a0\u00bb. Les c\u00e9r\u00e9ales sont au chocolat p\u00e9tillant. [&hellip;]<\/p>\n","protected":false},"author":1,"featured_media":0,"parent":0,"menu_order":0,"comment_status":"closed","ping_status":"closed","template":"","meta":{"site-sidebar-layout":"default","site-content-layout":"","ast-site-content-layout":"","site-content-style":"default","site-sidebar-style":"default","ast-global-header-display":"","ast-banner-title-visibility":"","ast-main-header-display":"","ast-hfb-above-header-display":"","ast-hfb-below-header-display":"","ast-hfb-mobile-header-display":"","site-post-title":"","ast-breadcrumbs-content":"","ast-featured-img":"","footer-sml-layout":"","theme-transparent-header-meta":"","adv-header-id-meta":"","stick-header-meta":"","header-above-stick-meta":"","header-main-stick-meta":"","header-below-stick-meta":"","astra-migrate-meta-layouts":"default","ast-page-background-enabled":"default","ast-page-background-meta":{"desktop":{"background-color":"var(--ast-global-color-5)","background-image":"","background-repeat":"repeat","background-position":"center center","background-size":"auto","background-attachment":"scroll","background-type":"","background-media":"","overlay-type":"","overlay-color":"","overlay-opacity":"","overlay-gradient":""},"tablet":{"background-color":"","background-image":"","background-repeat":"repeat","background-position":"center center","background-size":"auto","background-attachment":"scroll","background-type":"","background-media":"","overlay-type":"","overlay-color":"","overlay-opacity":"","overlay-gradient":""},"mobile":{"background-color":"","background-image":"","background-repeat":"repeat","background-position":"center center","background-size":"auto","background-attachment":"scroll","background-type":"","background-media":"","overlay-type":"","overlay-color":"","overlay-opacity":"","overlay-gradient":""}},"ast-content-background-meta":{"desktop":{"background-color":"var(--ast-global-color-4)","background-image":"","background-repeat":"repeat","background-position":"center center","background-size":"auto","background-attachment":"scroll","background-type":"","background-media":"","overlay-type":"","overlay-color":"","overlay-opacity":"","overlay-gradient":""},"tablet":{"background-color":"var(--ast-global-color-4)","background-image":"","background-repeat":"repeat","background-position":"center center","background-size":"auto","background-attachment":"scroll","background-type":"","background-media":"","overlay-type":"","overlay-color":"","overlay-opacity":"","overlay-gradient":""},"mobile":{"background-color":"var(--ast-global-color-4)","background-image":"","background-repeat":"repeat","background-position":"center center","background-size":"auto","background-attachment":"scroll","background-type":"","background-media":"","overlay-type":"","overlay-color":"","overlay-opacity":"","overlay-gradient":""}},"footnotes":""},"class_list":["post-360","page","type-page","status-publish","hentry"],"_links":{"self":[{"href":"https:\/\/peeters-mallaury-portfolio.com\/index.php?rest_route=\/wp\/v2\/pages\/360","targetHints":{"allow":["GET"]}}],"collection":[{"href":"https:\/\/peeters-mallaury-portfolio.com\/index.php?rest_route=\/wp\/v2\/pages"}],"about":[{"href":"https:\/\/peeters-mallaury-portfolio.com\/index.php?rest_route=\/wp\/v2\/types\/page"}],"author":[{"embeddable":true,"href":"https:\/\/peeters-mallaury-portfolio.com\/index.php?rest_route=\/wp\/v2\/users\/1"}],"replies":[{"embeddable":true,"href":"https:\/\/peeters-mallaury-portfolio.com\/index.php?rest_route=%2Fwp%2Fv2%2Fcomments&post=360"}],"version-history":[{"count":6,"href":"https:\/\/peeters-mallaury-portfolio.com\/index.php?rest_route=\/wp\/v2\/pages\/360\/revisions"}],"predecessor-version":[{"id":411,"href":"https:\/\/peeters-mallaury-portfolio.com\/index.php?rest_route=\/wp\/v2\/pages\/360\/revisions\/411"}],"wp:attachment":[{"href":"https:\/\/peeters-mallaury-portfolio.com\/index.php?rest_route=%2Fwp%2Fv2%2Fmedia&parent=360"}],"curies":[{"name":"wp","href":"https:\/\/api.w.org\/{rel}","templated":true}]}}