{"id":266,"date":"2025-06-02T22:47:30","date_gmt":"2025-06-02T22:47:30","guid":{"rendered":"https:\/\/peeters-mallaury-portfolio.com\/?page_id=266"},"modified":"2025-08-25T23:02:52","modified_gmt":"2025-08-25T23:02:52","slug":"logo-typographique-pour-une-pizzeria","status":"publish","type":"page","link":"https:\/\/peeters-mallaury-portfolio.com\/?page_id=266","title":{"rendered":"Logo typographique pour une pizzeria"},"content":{"rendered":"\n<p>Logo typographique pour une pizzeria qui s\u2019appelle \u00ab Pizzart \u00bb. En plus du logo et de ses variantes noir et blanc, il y a diff\u00e9rents mockups de mise en situation : une bo\u00eete \u00e0 pizza, le sac des livreurs, le tablier des serveurs, la planche \u00e0 pizza ainsi que la devanture du restaurant.<\/p>\n\n\n\n<figure class=\"wp-block-image aligncenter size-large\"><img fetchpriority=\"high\" decoding=\"async\" width=\"1024\" height=\"721\" src=\"https:\/\/peeters-mallaury-portfolio.com\/wp-content\/uploads\/2025\/06\/Capture-decran-2025-06-03-005224-1024x721.png\" alt=\"\" class=\"wp-image-272\" srcset=\"https:\/\/peeters-mallaury-portfolio.com\/wp-content\/uploads\/2025\/06\/Capture-decran-2025-06-03-005224-1024x721.png 1024w, https:\/\/peeters-mallaury-portfolio.com\/wp-content\/uploads\/2025\/06\/Capture-decran-2025-06-03-005224-300x211.png 300w, https:\/\/peeters-mallaury-portfolio.com\/wp-content\/uploads\/2025\/06\/Capture-decran-2025-06-03-005224-768x541.png 768w, https:\/\/peeters-mallaury-portfolio.com\/wp-content\/uploads\/2025\/06\/Capture-decran-2025-06-03-005224.png 1094w\" sizes=\"(max-width: 1024px) 100vw, 1024px\" \/><\/figure>\n\n\n\n<div class=\"wp-block-columns is-layout-flex wp-container-core-columns-is-layout-28f84493 wp-block-columns-is-layout-flex\">\n<div class=\"wp-block-column is-layout-flow wp-block-column-is-layout-flow\">\n<figure class=\"wp-block-image aligncenter size-full\"><img decoding=\"async\" width=\"813\" height=\"571\" src=\"https:\/\/peeters-mallaury-portfolio.com\/wp-content\/uploads\/2025\/08\/Capture-decran-2025-08-26-010040-1.png\" alt=\"\" class=\"wp-image-347\" srcset=\"https:\/\/peeters-mallaury-portfolio.com\/wp-content\/uploads\/2025\/08\/Capture-decran-2025-08-26-010040-1.png 813w, https:\/\/peeters-mallaury-portfolio.com\/wp-content\/uploads\/2025\/08\/Capture-decran-2025-08-26-010040-1-300x211.png 300w, https:\/\/peeters-mallaury-portfolio.com\/wp-content\/uploads\/2025\/08\/Capture-decran-2025-08-26-010040-1-768x539.png 768w\" sizes=\"(max-width: 813px) 100vw, 813px\" \/><\/figure>\n<\/div>\n\n\n\n<div class=\"wp-block-column is-layout-flow wp-block-column-is-layout-flow\">\n<figure class=\"wp-block-image aligncenter size-full\"><img decoding=\"async\" width=\"823\" height=\"580\" src=\"https:\/\/peeters-mallaury-portfolio.com\/wp-content\/uploads\/2025\/08\/Capture-decran-2025-08-26-010049.png\" alt=\"\" class=\"wp-image-348\" srcset=\"https:\/\/peeters-mallaury-portfolio.com\/wp-content\/uploads\/2025\/08\/Capture-decran-2025-08-26-010049.png 823w, https:\/\/peeters-mallaury-portfolio.com\/wp-content\/uploads\/2025\/08\/Capture-decran-2025-08-26-010049-300x211.png 300w, https:\/\/peeters-mallaury-portfolio.com\/wp-content\/uploads\/2025\/08\/Capture-decran-2025-08-26-010049-768x541.png 768w\" sizes=\"(max-width: 823px) 100vw, 823px\" \/><\/figure>\n<\/div>\n<\/div>\n\n\n\n<figure class=\"wp-block-image aligncenter size-large\"><img loading=\"lazy\" decoding=\"async\" width=\"1024\" height=\"683\" src=\"https:\/\/peeters-mallaury-portfolio.com\/wp-content\/uploads\/2025\/06\/mockup-boite-pizzart-1-1024x683.jpg\" alt=\"\" class=\"wp-image-273\" srcset=\"https:\/\/peeters-mallaury-portfolio.com\/wp-content\/uploads\/2025\/06\/mockup-boite-pizzart-1-1024x683.jpg 1024w, https:\/\/peeters-mallaury-portfolio.com\/wp-content\/uploads\/2025\/06\/mockup-boite-pizzart-1-300x200.jpg 300w, https:\/\/peeters-mallaury-portfolio.com\/wp-content\/uploads\/2025\/06\/mockup-boite-pizzart-1-768x512.jpg 768w, https:\/\/peeters-mallaury-portfolio.com\/wp-content\/uploads\/2025\/06\/mockup-boite-pizzart-1-1536x1024.jpg 1536w, https:\/\/peeters-mallaury-portfolio.com\/wp-content\/uploads\/2025\/06\/mockup-boite-pizzart-1-2048x1365.jpg 2048w\" sizes=\"(max-width: 1024px) 100vw, 1024px\" \/><\/figure>\n\n\n\n<figure class=\"wp-block-image aligncenter size-large\"><img loading=\"lazy\" decoding=\"async\" width=\"1024\" height=\"1024\" src=\"https:\/\/peeters-mallaury-portfolio.com\/wp-content\/uploads\/2025\/06\/sac-pizza-1024x1024.jpg\" alt=\"\" class=\"wp-image-274\" srcset=\"https:\/\/peeters-mallaury-portfolio.com\/wp-content\/uploads\/2025\/06\/sac-pizza-1024x1024.jpg 1024w, https:\/\/peeters-mallaury-portfolio.com\/wp-content\/uploads\/2025\/06\/sac-pizza-300x300.jpg 300w, https:\/\/peeters-mallaury-portfolio.com\/wp-content\/uploads\/2025\/06\/sac-pizza-150x150.jpg 150w, https:\/\/peeters-mallaury-portfolio.com\/wp-content\/uploads\/2025\/06\/sac-pizza-768x768.jpg 768w, https:\/\/peeters-mallaury-portfolio.com\/wp-content\/uploads\/2025\/06\/sac-pizza-1536x1536.jpg 1536w, https:\/\/peeters-mallaury-portfolio.com\/wp-content\/uploads\/2025\/06\/sac-pizza-2048x2048.jpg 2048w\" sizes=\"(max-width: 1024px) 100vw, 1024px\" \/><\/figure>\n\n\n\n<figure class=\"wp-block-image aligncenter size-large\"><img loading=\"lazy\" decoding=\"async\" width=\"683\" height=\"1024\" src=\"https:\/\/peeters-mallaury-portfolio.com\/wp-content\/uploads\/2025\/06\/tablier-pizzart-V2-683x1024.jpg\" alt=\"\" class=\"wp-image-275\" srcset=\"https:\/\/peeters-mallaury-portfolio.com\/wp-content\/uploads\/2025\/06\/tablier-pizzart-V2-683x1024.jpg 683w, https:\/\/peeters-mallaury-portfolio.com\/wp-content\/uploads\/2025\/06\/tablier-pizzart-V2-200x300.jpg 200w, https:\/\/peeters-mallaury-portfolio.com\/wp-content\/uploads\/2025\/06\/tablier-pizzart-V2.jpg 740w\" sizes=\"(max-width: 683px) 100vw, 683px\" \/><\/figure>\n\n\n\n<figure class=\"wp-block-image aligncenter size-large is-resized\"><img loading=\"lazy\" decoding=\"async\" width=\"1024\" height=\"975\" src=\"https:\/\/peeters-mallaury-portfolio.com\/wp-content\/uploads\/2025\/08\/planche-pizzart-1024x975.jpg\" alt=\"\" class=\"wp-image-299\" style=\"width:957px;height:auto\" srcset=\"https:\/\/peeters-mallaury-portfolio.com\/wp-content\/uploads\/2025\/08\/planche-pizzart-1024x975.jpg 1024w, https:\/\/peeters-mallaury-portfolio.com\/wp-content\/uploads\/2025\/08\/planche-pizzart-300x286.jpg 300w, https:\/\/peeters-mallaury-portfolio.com\/wp-content\/uploads\/2025\/08\/planche-pizzart-768x732.jpg 768w, https:\/\/peeters-mallaury-portfolio.com\/wp-content\/uploads\/2025\/08\/planche-pizzart-1536x1463.jpg 1536w, https:\/\/peeters-mallaury-portfolio.com\/wp-content\/uploads\/2025\/08\/planche-pizzart-2048x1951.jpg 2048w\" sizes=\"(max-width: 1024px) 100vw, 1024px\" \/><\/figure>\n\n\n\n<figure class=\"wp-block-image aligncenter size-large\"><img loading=\"lazy\" decoding=\"async\" width=\"1024\" height=\"677\" src=\"https:\/\/peeters-mallaury-portfolio.com\/wp-content\/uploads\/2025\/08\/Mockup-restau-pizza-1-1024x677.jpg\" alt=\"\" class=\"wp-image-297\" srcset=\"https:\/\/peeters-mallaury-portfolio.com\/wp-content\/uploads\/2025\/08\/Mockup-restau-pizza-1-1024x677.jpg 1024w, https:\/\/peeters-mallaury-portfolio.com\/wp-content\/uploads\/2025\/08\/Mockup-restau-pizza-1-300x198.jpg 300w, https:\/\/peeters-mallaury-portfolio.com\/wp-content\/uploads\/2025\/08\/Mockup-restau-pizza-1-768x508.jpg 768w, https:\/\/peeters-mallaury-portfolio.com\/wp-content\/uploads\/2025\/08\/Mockup-restau-pizza-1-1536x1016.jpg 1536w, https:\/\/peeters-mallaury-portfolio.com\/wp-content\/uploads\/2025\/08\/Mockup-restau-pizza-1-2048x1354.jpg 2048w\" sizes=\"(max-width: 1024px) 100vw, 1024px\" \/><\/figure>\n","protected":false},"excerpt":{"rendered":"<p>Logo typographique pour une pizzeria qui s\u2019appelle \u00ab Pizzart \u00bb. En plus du logo et de ses variantes noir et [&hellip;]<\/p>\n","protected":false},"author":1,"featured_media":0,"parent":0,"menu_order":0,"comment_status":"closed","ping_status":"closed","template":"","meta":{"site-sidebar-layout":"default","site-content-layout":"","ast-site-content-layout":"","site-content-style":"default","site-sidebar-style":"default","ast-global-header-display":"","ast-banner-title-visibility":"","ast-main-header-display":"","ast-hfb-above-header-display":"","ast-hfb-below-header-display":"","ast-hfb-mobile-header-display":"","site-post-title":"","ast-breadcrumbs-content":"","ast-featured-img":"","footer-sml-layout":"","theme-transparent-header-meta":"","adv-header-id-meta":"","stick-header-meta":"","header-above-stick-meta":"","header-main-stick-meta":"","header-below-stick-meta":"","astra-migrate-meta-layouts":"default","ast-page-background-enabled":"default","ast-page-background-meta":{"desktop":{"background-color":"var(--ast-global-color-5)","background-image":"","background-repeat":"repeat","background-position":"center center","background-size":"auto","background-attachment":"scroll","background-type":"","background-media":"","overlay-type":"","overlay-color":"","overlay-opacity":"","overlay-gradient":""},"tablet":{"background-color":"","background-image":"","background-repeat":"repeat","background-position":"center center","background-size":"auto","background-attachment":"scroll","background-type":"","background-media":"","overlay-type":"","overlay-color":"","overlay-opacity":"","overlay-gradient":""},"mobile":{"background-color":"","background-image":"","background-repeat":"repeat","background-position":"center center","background-size":"auto","background-attachment":"scroll","background-type":"","background-media":"","overlay-type":"","overlay-color":"","overlay-opacity":"","overlay-gradient":""}},"ast-content-background-meta":{"desktop":{"background-color":"var(--ast-global-color-4)","background-image":"","background-repeat":"repeat","background-position":"center center","background-size":"auto","background-attachment":"scroll","background-type":"","background-media":"","overlay-type":"","overlay-color":"","overlay-opacity":"","overlay-gradient":""},"tablet":{"background-color":"var(--ast-global-color-4)","background-image":"","background-repeat":"repeat","background-position":"center center","background-size":"auto","background-attachment":"scroll","background-type":"","background-media":"","overlay-type":"","overlay-color":"","overlay-opacity":"","overlay-gradient":""},"mobile":{"background-color":"var(--ast-global-color-4)","background-image":"","background-repeat":"repeat","background-position":"center center","background-size":"auto","background-attachment":"scroll","background-type":"","background-media":"","overlay-type":"","overlay-color":"","overlay-opacity":"","overlay-gradient":""}},"footnotes":""},"class_list":["post-266","page","type-page","status-publish","hentry"],"_links":{"self":[{"href":"https:\/\/peeters-mallaury-portfolio.com\/index.php?rest_route=\/wp\/v2\/pages\/266","targetHints":{"allow":["GET"]}}],"collection":[{"href":"https:\/\/peeters-mallaury-portfolio.com\/index.php?rest_route=\/wp\/v2\/pages"}],"about":[{"href":"https:\/\/peeters-mallaury-portfolio.com\/index.php?rest_route=\/wp\/v2\/types\/page"}],"author":[{"embeddable":true,"href":"https:\/\/peeters-mallaury-portfolio.com\/index.php?rest_route=\/wp\/v2\/users\/1"}],"replies":[{"embeddable":true,"href":"https:\/\/peeters-mallaury-portfolio.com\/index.php?rest_route=%2Fwp%2Fv2%2Fcomments&post=266"}],"version-history":[{"count":10,"href":"https:\/\/peeters-mallaury-portfolio.com\/index.php?rest_route=\/wp\/v2\/pages\/266\/revisions"}],"predecessor-version":[{"id":349,"href":"https:\/\/peeters-mallaury-portfolio.com\/index.php?rest_route=\/wp\/v2\/pages\/266\/revisions\/349"}],"wp:attachment":[{"href":"https:\/\/peeters-mallaury-portfolio.com\/index.php?rest_route=%2Fwp%2Fv2%2Fmedia&parent=266"}],"curies":[{"name":"wp","href":"https:\/\/api.w.org\/{rel}","templated":true}]}}