{"id":240,"date":"2025-05-31T20:07:48","date_gmt":"2025-05-31T20:07:48","guid":{"rendered":"https:\/\/peeters-mallaury-portfolio.com\/?page_id=240"},"modified":"2026-01-15T19:04:04","modified_gmt":"2026-01-15T19:04:04","slug":"galerie-de-mes-travaux","status":"publish","type":"page","link":"https:\/\/peeters-mallaury-portfolio.com\/?page_id=240","title":{"rendered":"Galerie de mes travaux"},"content":{"rendered":"\n<div class=\"wp-block-columns is-layout-flex wp-container-core-columns-is-layout-28f84493 wp-block-columns-is-layout-flex\">\n<div class=\"wp-block-column is-layout-flow wp-block-column-is-layout-flow\">\n<p>Campagne de news jacking pour starbucks<\/p>\n\n\n\n<figure class=\"wp-block-image size-large is-resized\"><a href=\"https:\/\/peeters-mallaury-portfolio.com\/?page_id=84\u2197\"><img fetchpriority=\"high\" decoding=\"async\" width=\"1024\" height=\"725\" src=\"https:\/\/peeters-mallaury-portfolio.com\/wp-content\/uploads\/2025\/04\/Capture-decran-2025-04-14-125136-1-1024x725.png\" alt=\"\" class=\"wp-image-59\" style=\"width:479px;height:auto\" srcset=\"https:\/\/peeters-mallaury-portfolio.com\/wp-content\/uploads\/2025\/04\/Capture-decran-2025-04-14-125136-1-1024x725.png 1024w, https:\/\/peeters-mallaury-portfolio.com\/wp-content\/uploads\/2025\/04\/Capture-decran-2025-04-14-125136-1-300x212.png 300w, https:\/\/peeters-mallaury-portfolio.com\/wp-content\/uploads\/2025\/04\/Capture-decran-2025-04-14-125136-1-768x544.png 768w, https:\/\/peeters-mallaury-portfolio.com\/wp-content\/uploads\/2025\/04\/Capture-decran-2025-04-14-125136-1.png 1500w\" sizes=\"(max-width: 1024px) 100vw, 1024px\" \/><\/a><\/figure>\n<\/div>\n\n\n\n<div class=\"wp-block-column is-layout-flow wp-block-column-is-layout-flow\">\n<p>Campagne publicitaire pour annoncer la nouvelle terra pils<\/p>\n\n\n\n<figure class=\"wp-block-image size-large\"><a href=\"https:\/\/peeters-mallaury-portfolio.com\/?page_id=74\u2197\"><img decoding=\"async\" width=\"1024\" height=\"683\" src=\"https:\/\/peeters-mallaury-portfolio.com\/wp-content\/uploads\/2025\/04\/Capture-decran-2025-04-14-125353-1-edited-1024x683.png\" alt=\"\" class=\"wp-image-61\" srcset=\"https:\/\/peeters-mallaury-portfolio.com\/wp-content\/uploads\/2025\/04\/Capture-decran-2025-04-14-125353-1-edited-1024x683.png 1024w, https:\/\/peeters-mallaury-portfolio.com\/wp-content\/uploads\/2025\/04\/Capture-decran-2025-04-14-125353-1-edited-300x200.png 300w, https:\/\/peeters-mallaury-portfolio.com\/wp-content\/uploads\/2025\/04\/Capture-decran-2025-04-14-125353-1-edited-768x512.png 768w, https:\/\/peeters-mallaury-portfolio.com\/wp-content\/uploads\/2025\/04\/Capture-decran-2025-04-14-125353-1-edited-1536x1025.png 1536w, https:\/\/peeters-mallaury-portfolio.com\/wp-content\/uploads\/2025\/04\/Capture-decran-2025-04-14-125353-1-edited.png 1554w\" sizes=\"(max-width: 1024px) 100vw, 1024px\" \/><\/a><\/figure>\n<\/div>\n<\/div>\n\n\n\n<div class=\"wp-block-columns is-layout-flex wp-container-core-columns-is-layout-28f84493 wp-block-columns-is-layout-flex\">\n<div class=\"wp-block-column is-layout-flow wp-block-column-is-layout-flow\">\n<p>Illustration vectorielle du \u00ab&nbsp;Cri de Munch&nbsp;\u00bb<\/p>\n\n\n\n<figure class=\"wp-block-image size-large\"><a href=\"https:\/\/peeters-mallaury-portfolio.com\/?page_id=99\u2197\"><img decoding=\"async\" width=\"725\" height=\"1024\" src=\"https:\/\/peeters-mallaury-portfolio.com\/wp-content\/uploads\/2025\/04\/Capture-decran-2025-04-15-100517-1-725x1024.png\" alt=\"\" class=\"wp-image-107\" srcset=\"https:\/\/peeters-mallaury-portfolio.com\/wp-content\/uploads\/2025\/04\/Capture-decran-2025-04-15-100517-1-725x1024.png 725w, https:\/\/peeters-mallaury-portfolio.com\/wp-content\/uploads\/2025\/04\/Capture-decran-2025-04-15-100517-1-212x300.png 212w, https:\/\/peeters-mallaury-portfolio.com\/wp-content\/uploads\/2025\/04\/Capture-decran-2025-04-15-100517-1.png 748w\" sizes=\"(max-width: 725px) 100vw, 725px\" \/><\/a><\/figure>\n<\/div>\n\n\n\n<div class=\"wp-block-column is-layout-flow wp-block-column-is-layout-flow\">\n<p>Affiche pour le festival Europalia<\/p>\n\n\n\n<figure class=\"wp-block-image size-large\"><a href=\"https:\/\/peeters-mallaury-portfolio.com\/?page_id=102\u2197\"><img loading=\"lazy\" decoding=\"async\" width=\"733\" height=\"1024\" src=\"https:\/\/peeters-mallaury-portfolio.com\/wp-content\/uploads\/2025\/04\/Capture-decran-2025-04-16-204147-733x1024.png\" alt=\"\" class=\"wp-image-93\" srcset=\"https:\/\/peeters-mallaury-portfolio.com\/wp-content\/uploads\/2025\/04\/Capture-decran-2025-04-16-204147-733x1024.png 733w, https:\/\/peeters-mallaury-portfolio.com\/wp-content\/uploads\/2025\/04\/Capture-decran-2025-04-16-204147-215x300.png 215w, https:\/\/peeters-mallaury-portfolio.com\/wp-content\/uploads\/2025\/04\/Capture-decran-2025-04-16-204147.png 761w\" sizes=\"(max-width: 733px) 100vw, 733px\" \/><\/a><\/figure>\n<\/div>\n<\/div>\n\n\n\n<div class=\"wp-block-columns is-layout-flex wp-container-core-columns-is-layout-28f84493 wp-block-columns-is-layout-flex\">\n<div class=\"wp-block-column is-layout-flow wp-block-column-is-layout-flow\">\n<p>Affiches d\u00e9veloppement durable<\/p>\n\n\n\n<figure class=\"wp-block-image size-full\"><a href=\"https:\/\/peeters-mallaury-portfolio.com\/?page_id=209\"><img loading=\"lazy\" decoding=\"async\" width=\"623\" height=\"870\" src=\"https:\/\/peeters-mallaury-portfolio.com\/wp-content\/uploads\/2025\/04\/Capture-decran-2025-04-06-201649.png\" alt=\"\" class=\"wp-image-33\" srcset=\"https:\/\/peeters-mallaury-portfolio.com\/wp-content\/uploads\/2025\/04\/Capture-decran-2025-04-06-201649.png 623w, https:\/\/peeters-mallaury-portfolio.com\/wp-content\/uploads\/2025\/04\/Capture-decran-2025-04-06-201649-215x300.png 215w\" sizes=\"(max-width: 623px) 100vw, 623px\" \/><\/a><\/figure>\n<\/div>\n\n\n\n<div class=\"wp-block-column is-layout-flow wp-block-column-is-layout-flow\">\n<p>Affiche pour Eroica<\/p>\n\n\n\n<figure class=\"wp-block-image size-full\"><a href=\"https:\/\/peeters-mallaury-portfolio.com\/?page_id=231\"><img loading=\"lazy\" decoding=\"async\" width=\"601\" height=\"838\" src=\"https:\/\/peeters-mallaury-portfolio.com\/wp-content\/uploads\/2025\/04\/Capture-decran-2025-04-06-201858.png\" alt=\"\" class=\"wp-image-34\" srcset=\"https:\/\/peeters-mallaury-portfolio.com\/wp-content\/uploads\/2025\/04\/Capture-decran-2025-04-06-201858.png 601w, https:\/\/peeters-mallaury-portfolio.com\/wp-content\/uploads\/2025\/04\/Capture-decran-2025-04-06-201858-215x300.png 215w\" sizes=\"(max-width: 601px) 100vw, 601px\" \/><\/a><\/figure>\n<\/div>\n<\/div>\n\n\n\n<div class=\"wp-block-group is-layout-constrained wp-block-group-is-layout-constrained\">\n<div class=\"wp-block-columns is-layout-flex wp-container-core-columns-is-layout-28f84493 wp-block-columns-is-layout-flex\">\n<div class=\"wp-block-column is-layout-flow wp-block-column-is-layout-flow\">\n<p>Affiche le d\u00eener de cons<\/p>\n\n\n\n<figure class=\"wp-block-image size-full is-resized\"><a href=\"https:\/\/peeters-mallaury-portfolio.com\/?page_id=235\"><img loading=\"lazy\" decoding=\"async\" width=\"578\" height=\"821\" src=\"https:\/\/peeters-mallaury-portfolio.com\/wp-content\/uploads\/2025\/04\/Capture-decran-2025-04-06-201748.png\" alt=\"\" class=\"wp-image-35\" style=\"aspect-ratio:0.7040277176266783;width:491px;height:auto\" srcset=\"https:\/\/peeters-mallaury-portfolio.com\/wp-content\/uploads\/2025\/04\/Capture-decran-2025-04-06-201748.png 578w, https:\/\/peeters-mallaury-portfolio.com\/wp-content\/uploads\/2025\/04\/Capture-decran-2025-04-06-201748-211x300.png 211w\" sizes=\"(max-width: 578px) 100vw, 578px\" \/><\/a><\/figure>\n<\/div>\n\n\n\n<div class=\"wp-block-column is-layout-flow wp-block-column-is-layout-flow\">\n<p>Bo\u00eetes de c\u00e9r\u00e9ales \u00ab\u00a0Coca Crunch\u00a0\u00bb<\/p>\n\n\n\n<figure class=\"wp-block-image size-large\"><a href=\"https:\/\/peeters-mallaury-portfolio.com\/?page_id=360\"><img loading=\"lazy\" decoding=\"async\" width=\"747\" height=\"1024\" src=\"https:\/\/peeters-mallaury-portfolio.com\/wp-content\/uploads\/2026\/01\/boite-coca-crunch_page-0001-3-747x1024.jpg\" alt=\"\" class=\"wp-image-357\" srcset=\"https:\/\/peeters-mallaury-portfolio.com\/wp-content\/uploads\/2026\/01\/boite-coca-crunch_page-0001-3-747x1024.jpg 747w, https:\/\/peeters-mallaury-portfolio.com\/wp-content\/uploads\/2026\/01\/boite-coca-crunch_page-0001-3-219x300.jpg 219w, https:\/\/peeters-mallaury-portfolio.com\/wp-content\/uploads\/2026\/01\/boite-coca-crunch_page-0001-3-768x1053.jpg 768w, https:\/\/peeters-mallaury-portfolio.com\/wp-content\/uploads\/2026\/01\/boite-coca-crunch_page-0001-3-1121x1536.jpg 1121w, https:\/\/peeters-mallaury-portfolio.com\/wp-content\/uploads\/2026\/01\/boite-coca-crunch_page-0001-3-1494x2048.jpg 1494w, https:\/\/peeters-mallaury-portfolio.com\/wp-content\/uploads\/2026\/01\/boite-coca-crunch_page-0001-3-scaled.jpg 1868w\" sizes=\"(max-width: 747px) 100vw, 747px\" \/><\/a><\/figure>\n<\/div>\n<\/div>\n<\/div>\n\n\n\n<div class=\"wp-block-columns is-layout-flex wp-container-core-columns-is-layout-28f84493 wp-block-columns-is-layout-flex\">\n<div class=\"wp-block-column is-layout-flow wp-block-column-is-layout-flow\">\n<p>Magazine futuriste cover + double page<\/p>\n\n\n\n<figure class=\"wp-block-image size-full\"><a href=\"https:\/\/peeters-mallaury-portfolio.com\/?page_id=422\"><img loading=\"lazy\" decoding=\"async\" width=\"595\" height=\"842\" src=\"https:\/\/peeters-mallaury-portfolio.com\/wp-content\/uploads\/2026\/01\/Magazine-futuriste-couverture.jpg\" alt=\"\" class=\"wp-image-418\" srcset=\"https:\/\/peeters-mallaury-portfolio.com\/wp-content\/uploads\/2026\/01\/Magazine-futuriste-couverture.jpg 595w, https:\/\/peeters-mallaury-portfolio.com\/wp-content\/uploads\/2026\/01\/Magazine-futuriste-couverture-212x300.jpg 212w\" sizes=\"(max-width: 595px) 100vw, 595px\" \/><\/a><\/figure>\n<\/div>\n\n\n\n<div class=\"wp-block-column is-layout-flow wp-block-column-is-layout-flow\"><\/div>\n<\/div>\n\n\n\n<div class=\"wp-block-columns is-layout-flex wp-container-core-columns-is-layout-28f84493 wp-block-columns-is-layout-flex\">\n<div class=\"wp-block-column is-layout-flow wp-block-column-is-layout-flow\">\n<p>Logo typographique pour une pizzeria<\/p>\n\n\n\n<figure class=\"wp-block-image size-large\"><a href=\"https:\/\/peeters-mallaury-portfolio.com\/?page_id=266\"><img loading=\"lazy\" decoding=\"async\" width=\"1024\" height=\"683\" src=\"https:\/\/peeters-mallaury-portfolio.com\/wp-content\/uploads\/2025\/06\/mockup-boite-pizzart-1024x683.jpg\" alt=\"\" class=\"wp-image-262\" srcset=\"https:\/\/peeters-mallaury-portfolio.com\/wp-content\/uploads\/2025\/06\/mockup-boite-pizzart-1024x683.jpg 1024w, https:\/\/peeters-mallaury-portfolio.com\/wp-content\/uploads\/2025\/06\/mockup-boite-pizzart-300x200.jpg 300w, https:\/\/peeters-mallaury-portfolio.com\/wp-content\/uploads\/2025\/06\/mockup-boite-pizzart-768x512.jpg 768w, https:\/\/peeters-mallaury-portfolio.com\/wp-content\/uploads\/2025\/06\/mockup-boite-pizzart-1536x1024.jpg 1536w, https:\/\/peeters-mallaury-portfolio.com\/wp-content\/uploads\/2025\/06\/mockup-boite-pizzart-2048x1365.jpg 2048w\" sizes=\"(max-width: 1024px) 100vw, 1024px\" \/><\/a><\/figure>\n<\/div>\n\n\n\n<div class=\"wp-block-column is-layout-flow wp-block-column-is-layout-flow\">\n<p class=\"has-text-align-left\">      Logo pour l&rsquo;Espace Gallo-Romain d&rsquo;Ath<\/p>\n\n\n\n<figure class=\"wp-block-image aligncenter size-full is-resized\"><a href=\"https:\/\/peeters-mallaury-portfolio.com\/?page_id=268\"><img loading=\"lazy\" decoding=\"async\" width=\"562\" height=\"421\" src=\"https:\/\/peeters-mallaury-portfolio.com\/wp-content\/uploads\/2025\/06\/Capture-decran-2025-05-15-202053.png\" alt=\"\" class=\"wp-image-264\" style=\"width:450px;height:auto\" srcset=\"https:\/\/peeters-mallaury-portfolio.com\/wp-content\/uploads\/2025\/06\/Capture-decran-2025-05-15-202053.png 562w, https:\/\/peeters-mallaury-portfolio.com\/wp-content\/uploads\/2025\/06\/Capture-decran-2025-05-15-202053-300x225.png 300w\" sizes=\"(max-width: 562px) 100vw, 562px\" \/><\/a><\/figure>\n<\/div>\n<\/div>\n\n\n\n<div class=\"wp-block-columns is-layout-flex wp-container-core-columns-is-layout-28f84493 wp-block-columns-is-layout-flex\">\n<div class=\"wp-block-column is-layout-flow wp-block-column-is-layout-flow\">\n<p>Identit\u00e9 Visuelle \u00c9ph\u00e9m\u00e8re \u00ab\u00a0Ghost Library\u00a0\u00bb<\/p>\n\n\n\n<figure class=\"wp-block-image size-large\"><a href=\"https:\/\/peeters-mallaury-portfolio.com\/?page_id=375\"><img loading=\"lazy\" decoding=\"async\" width=\"1024\" height=\"506\" src=\"https:\/\/peeters-mallaury-portfolio.com\/wp-content\/uploads\/2026\/01\/logo-ghost-library-1024x506.jpg\" alt=\"\" class=\"wp-image-371\" srcset=\"https:\/\/peeters-mallaury-portfolio.com\/wp-content\/uploads\/2026\/01\/logo-ghost-library-1024x506.jpg 1024w, https:\/\/peeters-mallaury-portfolio.com\/wp-content\/uploads\/2026\/01\/logo-ghost-library-300x148.jpg 300w, https:\/\/peeters-mallaury-portfolio.com\/wp-content\/uploads\/2026\/01\/logo-ghost-library-768x379.jpg 768w, https:\/\/peeters-mallaury-portfolio.com\/wp-content\/uploads\/2026\/01\/logo-ghost-library-1536x759.jpg 1536w, https:\/\/peeters-mallaury-portfolio.com\/wp-content\/uploads\/2026\/01\/logo-ghost-library-2048x1012.jpg 2048w\" sizes=\"(max-width: 1024px) 100vw, 1024px\" \/><\/a><\/figure>\n<\/div>\n\n\n\n<div class=\"wp-block-column is-layout-flow wp-block-column-is-layout-flow\">\n<p>Identit\u00e9 visuelle \u00e9mission de radio \u00ab\u00a0On en parle encore\u00a0\u00bb<\/p>\n\n\n\n<figure class=\"wp-block-image size-large is-resized\"><a href=\"https:\/\/peeters-mallaury-portfolio.com\/?page_id=391\"><img loading=\"lazy\" decoding=\"async\" width=\"1024\" height=\"535\" src=\"https:\/\/peeters-mallaury-portfolio.com\/wp-content\/uploads\/2026\/01\/logo-radio-1024x535.jpg\" alt=\"\" class=\"wp-image-389\" style=\"aspect-ratio:1.9140468621217472;width:480px;height:auto\" srcset=\"https:\/\/peeters-mallaury-portfolio.com\/wp-content\/uploads\/2026\/01\/logo-radio-1024x535.jpg 1024w, https:\/\/peeters-mallaury-portfolio.com\/wp-content\/uploads\/2026\/01\/logo-radio-300x157.jpg 300w, https:\/\/peeters-mallaury-portfolio.com\/wp-content\/uploads\/2026\/01\/logo-radio-768x401.jpg 768w, https:\/\/peeters-mallaury-portfolio.com\/wp-content\/uploads\/2026\/01\/logo-radio-1536x803.jpg 1536w, https:\/\/peeters-mallaury-portfolio.com\/wp-content\/uploads\/2026\/01\/logo-radio-2048x1070.jpg 2048w\" sizes=\"(max-width: 1024px) 100vw, 1024px\" \/><\/a><\/figure>\n<\/div>\n<\/div>\n\n\n\n<p><\/p>\n","protected":false},"excerpt":{"rendered":"<p>Campagne de news jacking pour starbucks Campagne publicitaire pour annoncer la nouvelle terra pils Illustration vectorielle du \u00ab&nbsp;Cri de Munch&nbsp;\u00bb [&hellip;]<\/p>\n","protected":false},"author":1,"featured_media":0,"parent":0,"menu_order":0,"comment_status":"closed","ping_status":"closed","template":"","meta":{"site-sidebar-layout":"default","site-content-layout":"","ast-site-content-layout":"","site-content-style":"default","site-sidebar-style":"default","ast-global-header-display":"","ast-banner-title-visibility":"","ast-main-header-display":"","ast-hfb-above-header-display":"","ast-hfb-below-header-display":"","ast-hfb-mobile-header-display":"","site-post-title":"","ast-breadcrumbs-content":"","ast-featured-img":"","footer-sml-layout":"","theme-transparent-header-meta":"","adv-header-id-meta":"","stick-header-meta":"","header-above-stick-meta":"","header-main-stick-meta":"","header-below-stick-meta":"","astra-migrate-meta-layouts":"default","ast-page-background-enabled":"default","ast-page-background-meta":{"desktop":{"background-color":"var(--ast-global-color-5)","background-image":"","background-repeat":"repeat","background-position":"center center","background-size":"auto","background-attachment":"scroll","background-type":"","background-media":"","overlay-type":"","overlay-color":"","overlay-opacity":"","overlay-gradient":""},"tablet":{"background-color":"","background-image":"","background-repeat":"repeat","background-position":"center center","background-size":"auto","background-attachment":"scroll","background-type":"","background-media":"","overlay-type":"","overlay-color":"","overlay-opacity":"","overlay-gradient":""},"mobile":{"background-color":"","background-image":"","background-repeat":"repeat","background-position":"center center","background-size":"auto","background-attachment":"scroll","background-type":"","background-media":"","overlay-type":"","overlay-color":"","overlay-opacity":"","overlay-gradient":""}},"ast-content-background-meta":{"desktop":{"background-color":"var(--ast-global-color-4)","background-image":"","background-repeat":"repeat","background-position":"center center","background-size":"auto","background-attachment":"scroll","background-type":"","background-media":"","overlay-type":"","overlay-color":"","overlay-opacity":"","overlay-gradient":""},"tablet":{"background-color":"var(--ast-global-color-4)","background-image":"","background-repeat":"repeat","background-position":"center center","background-size":"auto","background-attachment":"scroll","background-type":"","background-media":"","overlay-type":"","overlay-color":"","overlay-opacity":"","overlay-gradient":""},"mobile":{"background-color":"var(--ast-global-color-4)","background-image":"","background-repeat":"repeat","background-position":"center center","background-size":"auto","background-attachment":"scroll","background-type":"","background-media":"","overlay-type":"","overlay-color":"","overlay-opacity":"","overlay-gradient":""}},"footnotes":""},"class_list":["post-240","page","type-page","status-publish","hentry"],"_links":{"self":[{"href":"https:\/\/peeters-mallaury-portfolio.com\/index.php?rest_route=\/wp\/v2\/pages\/240","targetHints":{"allow":["GET"]}}],"collection":[{"href":"https:\/\/peeters-mallaury-portfolio.com\/index.php?rest_route=\/wp\/v2\/pages"}],"about":[{"href":"https:\/\/peeters-mallaury-portfolio.com\/index.php?rest_route=\/wp\/v2\/types\/page"}],"author":[{"embeddable":true,"href":"https:\/\/peeters-mallaury-portfolio.com\/index.php?rest_route=\/wp\/v2\/users\/1"}],"replies":[{"embeddable":true,"href":"https:\/\/peeters-mallaury-portfolio.com\/index.php?rest_route=%2Fwp%2Fv2%2Fcomments&post=240"}],"version-history":[{"count":19,"href":"https:\/\/peeters-mallaury-portfolio.com\/index.php?rest_route=\/wp\/v2\/pages\/240\/revisions"}],"predecessor-version":[{"id":428,"href":"https:\/\/peeters-mallaury-portfolio.com\/index.php?rest_route=\/wp\/v2\/pages\/240\/revisions\/428"}],"wp:attachment":[{"href":"https:\/\/peeters-mallaury-portfolio.com\/index.php?rest_route=%2Fwp%2Fv2%2Fmedia&parent=240"}],"curies":[{"name":"wp","href":"https:\/\/api.w.org\/{rel}","templated":true}]}}