{"id":209,"date":"2025-05-28T20:38:00","date_gmt":"2025-05-28T20:38:00","guid":{"rendered":"https:\/\/peeters-mallaury-portfolio.com\/?page_id=209"},"modified":"2026-01-15T16:03:16","modified_gmt":"2026-01-15T16:03:16","slug":"affiche-developpement-durable","status":"publish","type":"page","link":"https:\/\/peeters-mallaury-portfolio.com\/?page_id=209","title":{"rendered":"Affiches d\u00e9veloppement durable"},"content":{"rendered":"\n<p>Affiches pour le d\u00e9veloppement durable, qui mettent en avant le gaspillage de l\u2019eau. Affiche principale accompagn\u00e9e de ses deux variantes. Ainsi que d&rsquo;une petite animation pour l&rsquo;affiche. Cette animation pourrait \u00eatre utilis\u00e9 pour les r\u00e9seaux sociaux.<\/p>\n\n\n\n<figure class=\"wp-block-image aligncenter size-full\"><img fetchpriority=\"high\" decoding=\"async\" width=\"623\" height=\"870\" src=\"https:\/\/peeters-mallaury-portfolio.com\/wp-content\/uploads\/2025\/04\/Capture-decran-2025-04-06-201649.png\" alt=\"\" class=\"wp-image-33\" srcset=\"https:\/\/peeters-mallaury-portfolio.com\/wp-content\/uploads\/2025\/04\/Capture-decran-2025-04-06-201649.png 623w, https:\/\/peeters-mallaury-portfolio.com\/wp-content\/uploads\/2025\/04\/Capture-decran-2025-04-06-201649-215x300.png 215w\" sizes=\"(max-width: 623px) 100vw, 623px\" \/><\/figure>\n\n\n\n<div class=\"wp-block-columns is-layout-flex wp-container-core-columns-is-layout-28f84493 wp-block-columns-is-layout-flex\">\n<div class=\"wp-block-column is-layout-flow wp-block-column-is-layout-flow\">\n<figure class=\"wp-block-image size-large\"><img decoding=\"async\" width=\"731\" height=\"1024\" src=\"https:\/\/peeters-mallaury-portfolio.com\/wp-content\/uploads\/2025\/05\/Peeters-Mallaury-dd-variantes_Plan-de-travail-1-copie-2-731x1024.jpg\" alt=\"\" class=\"wp-image-225\" srcset=\"https:\/\/peeters-mallaury-portfolio.com\/wp-content\/uploads\/2025\/05\/Peeters-Mallaury-dd-variantes_Plan-de-travail-1-copie-2-731x1024.jpg 731w, https:\/\/peeters-mallaury-portfolio.com\/wp-content\/uploads\/2025\/05\/Peeters-Mallaury-dd-variantes_Plan-de-travail-1-copie-2-214x300.jpg 214w, https:\/\/peeters-mallaury-portfolio.com\/wp-content\/uploads\/2025\/05\/Peeters-Mallaury-dd-variantes_Plan-de-travail-1-copie-2-768x1076.jpg 768w, https:\/\/peeters-mallaury-portfolio.com\/wp-content\/uploads\/2025\/05\/Peeters-Mallaury-dd-variantes_Plan-de-travail-1-copie-2.jpg 871w\" sizes=\"(max-width: 731px) 100vw, 731px\" \/><\/figure>\n<\/div>\n\n\n\n<div class=\"wp-block-column is-layout-flow wp-block-column-is-layout-flow\">\n<figure class=\"wp-block-image size-large\"><img decoding=\"async\" width=\"731\" height=\"1024\" src=\"https:\/\/peeters-mallaury-portfolio.com\/wp-content\/uploads\/2025\/05\/Peeters-Mallaury-dd-variantes_Plan-de-travail-1-copie-3-731x1024.jpg\" alt=\"\" class=\"wp-image-226\" srcset=\"https:\/\/peeters-mallaury-portfolio.com\/wp-content\/uploads\/2025\/05\/Peeters-Mallaury-dd-variantes_Plan-de-travail-1-copie-3-731x1024.jpg 731w, https:\/\/peeters-mallaury-portfolio.com\/wp-content\/uploads\/2025\/05\/Peeters-Mallaury-dd-variantes_Plan-de-travail-1-copie-3-214x300.jpg 214w, https:\/\/peeters-mallaury-portfolio.com\/wp-content\/uploads\/2025\/05\/Peeters-Mallaury-dd-variantes_Plan-de-travail-1-copie-3-768x1076.jpg 768w, https:\/\/peeters-mallaury-portfolio.com\/wp-content\/uploads\/2025\/05\/Peeters-Mallaury-dd-variantes_Plan-de-travail-1-copie-3.jpg 871w\" sizes=\"(max-width: 731px) 100vw, 731px\" \/><\/figure>\n<\/div>\n<\/div>\n\n\n\n<figure class=\"wp-block-video\"><video height=\"1280\" style=\"aspect-ratio: 720 \/ 1280;\" width=\"720\" controls src=\"https:\/\/peeters-mallaury-portfolio.com\/wp-content\/uploads\/2026\/01\/video-devellopement-durable.mp4\"><\/video><\/figure>\n","protected":false},"excerpt":{"rendered":"<p>Affiches pour le d\u00e9veloppement durable, qui mettent en avant le gaspillage de l\u2019eau. Affiche principale accompagn\u00e9e de ses deux variantes. [&hellip;]<\/p>\n","protected":false},"author":1,"featured_media":0,"parent":0,"menu_order":0,"comment_status":"closed","ping_status":"closed","template":"","meta":{"site-sidebar-layout":"default","site-content-layout":"","ast-site-content-layout":"","site-content-style":"default","site-sidebar-style":"default","ast-global-header-display":"","ast-banner-title-visibility":"","ast-main-header-display":"","ast-hfb-above-header-display":"","ast-hfb-below-header-display":"","ast-hfb-mobile-header-display":"","site-post-title":"","ast-breadcrumbs-content":"","ast-featured-img":"","footer-sml-layout":"","theme-transparent-header-meta":"","adv-header-id-meta":"","stick-header-meta":"","header-above-stick-meta":"","header-main-stick-meta":"","header-below-stick-meta":"","astra-migrate-meta-layouts":"default","ast-page-background-enabled":"default","ast-page-background-meta":{"desktop":{"background-color":"var(--ast-global-color-5)","background-image":"","background-repeat":"repeat","background-position":"center center","background-size":"auto","background-attachment":"scroll","background-type":"","background-media":"","overlay-type":"","overlay-color":"","overlay-opacity":"","overlay-gradient":""},"tablet":{"background-color":"","background-image":"","background-repeat":"repeat","background-position":"center center","background-size":"auto","background-attachment":"scroll","background-type":"","background-media":"","overlay-type":"","overlay-color":"","overlay-opacity":"","overlay-gradient":""},"mobile":{"background-color":"","background-image":"","background-repeat":"repeat","background-position":"center center","background-size":"auto","background-attachment":"scroll","background-type":"","background-media":"","overlay-type":"","overlay-color":"","overlay-opacity":"","overlay-gradient":""}},"ast-content-background-meta":{"desktop":{"background-color":"var(--ast-global-color-4)","background-image":"","background-repeat":"repeat","background-position":"center center","background-size":"auto","background-attachment":"scroll","background-type":"","background-media":"","overlay-type":"","overlay-color":"","overlay-opacity":"","overlay-gradient":""},"tablet":{"background-color":"var(--ast-global-color-4)","background-image":"","background-repeat":"repeat","background-position":"center center","background-size":"auto","background-attachment":"scroll","background-type":"","background-media":"","overlay-type":"","overlay-color":"","overlay-opacity":"","overlay-gradient":""},"mobile":{"background-color":"var(--ast-global-color-4)","background-image":"","background-repeat":"repeat","background-position":"center center","background-size":"auto","background-attachment":"scroll","background-type":"","background-media":"","overlay-type":"","overlay-color":"","overlay-opacity":"","overlay-gradient":""}},"footnotes":""},"class_list":["post-209","page","type-page","status-publish","hentry"],"_links":{"self":[{"href":"https:\/\/peeters-mallaury-portfolio.com\/index.php?rest_route=\/wp\/v2\/pages\/209","targetHints":{"allow":["GET"]}}],"collection":[{"href":"https:\/\/peeters-mallaury-portfolio.com\/index.php?rest_route=\/wp\/v2\/pages"}],"about":[{"href":"https:\/\/peeters-mallaury-portfolio.com\/index.php?rest_route=\/wp\/v2\/types\/page"}],"author":[{"embeddable":true,"href":"https:\/\/peeters-mallaury-portfolio.com\/index.php?rest_route=\/wp\/v2\/users\/1"}],"replies":[{"embeddable":true,"href":"https:\/\/peeters-mallaury-portfolio.com\/index.php?rest_route=%2Fwp%2Fv2%2Fcomments&post=209"}],"version-history":[{"count":8,"href":"https:\/\/peeters-mallaury-portfolio.com\/index.php?rest_route=\/wp\/v2\/pages\/209\/revisions"}],"predecessor-version":[{"id":413,"href":"https:\/\/peeters-mallaury-portfolio.com\/index.php?rest_route=\/wp\/v2\/pages\/209\/revisions\/413"}],"wp:attachment":[{"href":"https:\/\/peeters-mallaury-portfolio.com\/index.php?rest_route=%2Fwp%2Fv2%2Fmedia&parent=209"}],"curies":[{"name":"wp","href":"https:\/\/api.w.org\/{rel}","templated":true}]}}