{"id":10,"date":"2025-03-31T10:54:41","date_gmt":"2025-03-31T10:54:41","guid":{"rendered":"https:\/\/peeters-mallaury-portfolio.com\/?page_id=10"},"modified":"2025-05-31T20:09:22","modified_gmt":"2025-05-31T20:09:22","slug":"home","status":"publish","type":"page","link":"https:\/\/peeters-mallaury-portfolio.com\/","title":{"rendered":"Peeters Mallaury Portfolio"},"content":{"rendered":"\n<div class=\"wp-block-cover alignfull is-light wp-duotone-unset-1\" style=\"min-height:720px;aspect-ratio:unset;\"><span aria-hidden=\"true\" class=\"wp-block-cover__background has-background-dim-100 has-background-dim has-background-gradient\" style=\"background:linear-gradient(35deg,rgb(6,0,151) 0%,rgb(130,4,255) 73%,rgb(193,15,255) 100%)\"><\/span><div class=\"wp-block-cover__inner-container is-layout-flow wp-block-cover-is-layout-flow\">\n<div class=\"inherit-container-width wp-block-group alignwide is-layout-constrained wp-block-group-is-layout-constrained\">\n<div class=\"wp-block-media-text alignwide has-media-on-the-right is-stacked-on-mobile is-vertically-aligned-center\" style=\"grid-template-columns:auto 43%\"><div class=\"wp-block-media-text__content\">\n<h1 class=\"wp-block-heading has-text-align-left has-white-color has-text-color\">Venez d\u00e9couvrir mon univers cr\u00e9atif.<\/h1>\n\n\n\n<p class=\"has-white-color has-text-color\">Illustrateur et cr\u00e9atif, je donne vie aux id\u00e9es \u00e0 travers des images fortes, color\u00e9es et expressives, pens\u00e9es pour captiver et inspirer.<\/p>\n\n\n\n<div class=\"wp-block-buttons is-content-justification-left is-layout-flex wp-container-core-buttons-is-layout-fc4fd283 wp-block-buttons-is-layout-flex\">\n<div class=\"wp-block-button\"><a class=\"wp-block-button__link wp-element-button\" href=\"https:\/\/peeters-mallaury-portfolio.com\/?page_id=240\">Voir mes travaux<\/a><\/div>\n<\/div>\n<\/div><figure class=\"wp-block-media-text__media\"><\/figure><\/div>\n<\/div>\n<\/div><\/div>\n\n\n\n<div class=\"wp-block-group alignfull has-ast-global-color-5-background-color has-background is-layout-constrained wp-container-core-group-is-layout-94d206d0 wp-block-group-is-layout-constrained\" id=\"about\" style=\"padding-top:143px;padding-bottom:144px\">\n<div class=\"wp-block-media-text has-media-on-the-right is-stacked-on-mobile is-vertically-aligned-center\" style=\"grid-template-columns:auto 35%\"><div class=\"wp-block-media-text__content\">\n<div class=\"inherit-container-width wp-block-group alignwide is-layout-constrained wp-container-core-group-is-layout-47ce07ec wp-block-group-is-layout-constrained\" style=\"padding-right:80px\">\n<h2 class=\"wp-block-heading\" style=\"padding-right:40px\">Bonjour,<\/h2>\n\n\n\n<p class=\"has-text-align-left\">Dipl\u00f4m\u00e9 en \u00e9tudes artistiques et en infographie, j\u2019ai naturellement \u00e9volu\u00e9 vers le monde de la publicit\u00e9. Mon point fort : proposer des id\u00e9es percutantes et des concepts cr\u00e9atifs qui font la diff\u00e9rence. J\u2019aime transformer une intention en image claire et impactante. Si vous cherchez quelqu\u2019un capable de donner vie \u00e0 vos projets avec imagination et rigueur, parlons-en !<\/p>\n<\/div>\n<\/div><figure class=\"wp-block-media-text__media\"><img fetchpriority=\"high\" decoding=\"async\" width=\"592\" height=\"1024\" src=\"http:\/\/peeters-mallaury-portfolio.com\/wp-content\/uploads\/2025\/04\/20250417_082749-592x1024.jpg\" alt=\"\" class=\"wp-image-115 size-full\" srcset=\"https:\/\/peeters-mallaury-portfolio.com\/wp-content\/uploads\/2025\/04\/20250417_082749-592x1024.jpg 592w, https:\/\/peeters-mallaury-portfolio.com\/wp-content\/uploads\/2025\/04\/20250417_082749-173x300.jpg 173w, https:\/\/peeters-mallaury-portfolio.com\/wp-content\/uploads\/2025\/04\/20250417_082749-768x1328.jpg 768w, https:\/\/peeters-mallaury-portfolio.com\/wp-content\/uploads\/2025\/04\/20250417_082749-888x1536.jpg 888w, https:\/\/peeters-mallaury-portfolio.com\/wp-content\/uploads\/2025\/04\/20250417_082749-1184x2048.jpg 1184w, https:\/\/peeters-mallaury-portfolio.com\/wp-content\/uploads\/2025\/04\/20250417_082749.jpg 1358w\" sizes=\"(max-width: 592px) 100vw, 592px\" \/><\/figure><\/div>\n<\/div>\n\n\n\n<h2 class=\"wp-block-heading has-text-align-center\" id=\"portfolio\">Portfolio<\/h2>\n\n\n\n<div class=\"wp-block-columns is-layout-flex wp-container-core-columns-is-layout-28f84493 wp-block-columns-is-layout-flex\">\n<div class=\"wp-block-column is-layout-flow wp-block-column-is-layout-flow\">\n<p class=\"has-text-align-left\">Campagne de news jacking pour starbucks<\/p>\n\n\n\n<figure class=\"wp-block-image size-large\"><a href=\"https:\/\/peeters-mallaury-portfolio.com\/?page_id=84\u2197\"><img decoding=\"async\" width=\"1500\" height=\"1000\" src=\"http:\/\/peeters-mallaury-portfolio.com\/wp-content\/uploads\/2025\/04\/Capture-decran-2025-04-14-125136-1-edited.png\" alt=\"\" class=\"wp-image-62\" srcset=\"https:\/\/peeters-mallaury-portfolio.com\/wp-content\/uploads\/2025\/04\/Capture-decran-2025-04-14-125136-1-edited.png 1500w, https:\/\/peeters-mallaury-portfolio.com\/wp-content\/uploads\/2025\/04\/Capture-decran-2025-04-14-125136-1-edited-300x200.png 300w, https:\/\/peeters-mallaury-portfolio.com\/wp-content\/uploads\/2025\/04\/Capture-decran-2025-04-14-125136-1-edited-1024x683.png 1024w, https:\/\/peeters-mallaury-portfolio.com\/wp-content\/uploads\/2025\/04\/Capture-decran-2025-04-14-125136-1-edited-768x512.png 768w\" sizes=\"(max-width: 1500px) 100vw, 1500px\" \/><\/a><\/figure>\n<\/div>\n\n\n\n<div class=\"wp-block-column is-layout-flow wp-block-column-is-layout-flow\">\n<p>Campagne publicitaire pour annoncer la nouvelle terra pils<\/p>\n\n\n\n<figure class=\"wp-block-image size-large\"><a href=\"https:\/\/peeters-mallaury-portfolio.com\/?page_id=74\u2197\"><img decoding=\"async\" width=\"1554\" height=\"1037\" src=\"http:\/\/peeters-mallaury-portfolio.com\/wp-content\/uploads\/2025\/04\/Capture-decran-2025-04-14-125353-1-edited.png\" alt=\"\" class=\"wp-image-61\" srcset=\"https:\/\/peeters-mallaury-portfolio.com\/wp-content\/uploads\/2025\/04\/Capture-decran-2025-04-14-125353-1-edited.png 1554w, https:\/\/peeters-mallaury-portfolio.com\/wp-content\/uploads\/2025\/04\/Capture-decran-2025-04-14-125353-1-edited-300x200.png 300w, https:\/\/peeters-mallaury-portfolio.com\/wp-content\/uploads\/2025\/04\/Capture-decran-2025-04-14-125353-1-edited-1024x683.png 1024w, https:\/\/peeters-mallaury-portfolio.com\/wp-content\/uploads\/2025\/04\/Capture-decran-2025-04-14-125353-1-edited-768x512.png 768w, https:\/\/peeters-mallaury-portfolio.com\/wp-content\/uploads\/2025\/04\/Capture-decran-2025-04-14-125353-1-edited-1536x1025.png 1536w\" sizes=\"(max-width: 1554px) 100vw, 1554px\" \/><\/a><\/figure>\n<\/div>\n<\/div>\n\n\n\n<div class=\"wp-block-columns are-vertically-aligned-center is-layout-flex wp-container-core-columns-is-layout-28f84493 wp-block-columns-is-layout-flex\">\n<div class=\"wp-block-column is-vertically-aligned-center is-layout-flow wp-block-column-is-layout-flow\">\n<p>Illustration vectorielle du \u00ab\u00a0Cri de Munch\u00a0\u00bb<\/p>\n\n\n\n<figure class=\"wp-block-image aligncenter size-large wp-duotone-unset-2\"><a href=\"https:\/\/peeters-mallaury-portfolio.com\/?page_id=99\u2197\"><img loading=\"lazy\" decoding=\"async\" width=\"725\" height=\"1024\" src=\"http:\/\/peeters-mallaury-portfolio.com\/wp-content\/uploads\/2025\/04\/Capture-decran-2025-04-15-100517-725x1024.png\" alt=\"\" class=\"wp-image-89\" srcset=\"https:\/\/peeters-mallaury-portfolio.com\/wp-content\/uploads\/2025\/04\/Capture-decran-2025-04-15-100517-725x1024.png 725w, https:\/\/peeters-mallaury-portfolio.com\/wp-content\/uploads\/2025\/04\/Capture-decran-2025-04-15-100517-212x300.png 212w, https:\/\/peeters-mallaury-portfolio.com\/wp-content\/uploads\/2025\/04\/Capture-decran-2025-04-15-100517.png 748w\" sizes=\"(max-width: 725px) 100vw, 725px\" \/><\/a><\/figure>\n<\/div>\n\n\n\n<div class=\"wp-block-column is-vertically-aligned-center is-layout-flow wp-block-column-is-layout-flow\">\n<p>Affiche pour le festival Europalia<\/p>\n\n\n\n<div class=\"wp-block-columns is-layout-flex wp-container-core-columns-is-layout-28f84493 wp-block-columns-is-layout-flex\">\n<div class=\"wp-block-column is-layout-flow wp-block-column-is-layout-flow\" style=\"flex-basis:100%\">\n<figure class=\"wp-block-image aligncenter size-large is-resized\"><a href=\"https:\/\/peeters-mallaury-portfolio.com\/?page_id=102\u2197\"><img loading=\"lazy\" decoding=\"async\" width=\"733\" height=\"1024\" src=\"http:\/\/peeters-mallaury-portfolio.com\/wp-content\/uploads\/2025\/04\/Capture-decran-2025-04-16-204147-733x1024.png\" alt=\"\" class=\"wp-image-93\" style=\"width:518px;height:auto\" srcset=\"https:\/\/peeters-mallaury-portfolio.com\/wp-content\/uploads\/2025\/04\/Capture-decran-2025-04-16-204147-733x1024.png 733w, https:\/\/peeters-mallaury-portfolio.com\/wp-content\/uploads\/2025\/04\/Capture-decran-2025-04-16-204147-215x300.png 215w, https:\/\/peeters-mallaury-portfolio.com\/wp-content\/uploads\/2025\/04\/Capture-decran-2025-04-16-204147.png 761w\" sizes=\"(max-width: 733px) 100vw, 733px\" \/><\/a><\/figure>\n<\/div>\n<\/div>\n<\/div>\n<\/div>\n\n\n\n<div class=\"wp-block-buttons alignwide is-content-justification-center is-layout-flex wp-container-core-buttons-is-layout-a89b3969 wp-block-buttons-is-layout-flex\">\n<div class=\"wp-block-button\"><a class=\"wp-block-button__link wp-element-button\" href=\"https:\/\/peeters-mallaury-portfolio.com\/?page_id=240\">Voir plus&#8230;<\/a><\/div>\n<\/div>\n\n\n\n<div class=\"wp-block-group alignfull is-layout-constrained wp-container-core-group-is-layout-45b0ac4f wp-block-group-is-layout-constrained\" id=\"services\" style=\"padding-top:144px;padding-bottom:0px\">\n<h2 class=\"wp-block-heading\" id=\"Mesdernierstravaux\">Mes derniers travaux<\/h2>\n\n\n\n<div class=\"wp-block-columns is-layout-flex wp-container-core-columns-is-layout-60cbf9bb wp-block-columns-is-layout-flex\" style=\"margin-top:50px\">\n<div class=\"wp-block-column is-layout-flow wp-container-core-column-is-layout-6b73ce23 wp-block-column-is-layout-flow\">\n<figure class=\"wp-block-image size-full\"><a href=\"https:\/\/peeters-mallaury-portfolio.com\/?page_id=209\"><img loading=\"lazy\" decoding=\"async\" width=\"623\" height=\"870\" src=\"http:\/\/peeters-mallaury-portfolio.com\/wp-content\/uploads\/2025\/04\/Capture-decran-2025-04-06-201649.png\" alt=\"\" class=\"wp-image-33\" srcset=\"https:\/\/peeters-mallaury-portfolio.com\/wp-content\/uploads\/2025\/04\/Capture-decran-2025-04-06-201649.png 623w, https:\/\/peeters-mallaury-portfolio.com\/wp-content\/uploads\/2025\/04\/Capture-decran-2025-04-06-201649-215x300.png 215w\" sizes=\"(max-width: 623px) 100vw, 623px\" \/><\/a><\/figure>\n\n\n\n<h3 class=\"wp-block-heading\" style=\"margin-top:16px\">Affiches d\u00e9veloppement durable<\/h3>\n\n\n\n<p>Affiches pour le d\u00e9veloppement durable, qui mettent en avant le gaspillage de l\u2019eau.<\/p>\n<\/div>\n\n\n\n<div class=\"wp-block-column is-layout-flow wp-container-core-column-is-layout-6b73ce23 wp-block-column-is-layout-flow\">\n<figure class=\"wp-block-image size-full\"><a href=\"https:\/\/peeters-mallaury-portfolio.com\/?page_id=231\"><img loading=\"lazy\" decoding=\"async\" width=\"601\" height=\"838\" src=\"http:\/\/peeters-mallaury-portfolio.com\/wp-content\/uploads\/2025\/04\/Capture-decran-2025-04-06-201858.png\" alt=\"\" class=\"wp-image-34\" srcset=\"https:\/\/peeters-mallaury-portfolio.com\/wp-content\/uploads\/2025\/04\/Capture-decran-2025-04-06-201858.png 601w, https:\/\/peeters-mallaury-portfolio.com\/wp-content\/uploads\/2025\/04\/Capture-decran-2025-04-06-201858-215x300.png 215w\" sizes=\"(max-width: 601px) 100vw, 601px\" \/><\/a><\/figure>\n\n\n\n<h3 class=\"wp-block-heading\" style=\"margin-top:16px\">Affiche pour Eroica<\/h3>\n\n\n\n<p>Affiche vectorielle pour l&rsquo;\u00e9v\u00e8nement Eroica qui est un parcours cycliste ayant pour th\u00e8me le voyage dans un esprit de l&rsquo;ancien temps.<\/p>\n<\/div>\n\n\n\n<div class=\"wp-block-column is-layout-flow wp-container-core-column-is-layout-6b73ce23 wp-block-column-is-layout-flow\">\n<figure class=\"wp-block-image size-full\"><a href=\"https:\/\/peeters-mallaury-portfolio.com\/?page_id=235\"><img loading=\"lazy\" decoding=\"async\" width=\"578\" height=\"821\" src=\"http:\/\/peeters-mallaury-portfolio.com\/wp-content\/uploads\/2025\/04\/Capture-decran-2025-04-06-201748.png\" alt=\"\" class=\"wp-image-35\" srcset=\"https:\/\/peeters-mallaury-portfolio.com\/wp-content\/uploads\/2025\/04\/Capture-decran-2025-04-06-201748.png 578w, https:\/\/peeters-mallaury-portfolio.com\/wp-content\/uploads\/2025\/04\/Capture-decran-2025-04-06-201748-211x300.png 211w\" sizes=\"(max-width: 578px) 100vw, 578px\" \/><\/a><\/figure>\n\n\n\n<h3 class=\"wp-block-heading\" style=\"margin-top:16px\">Affiche le d\u00eener de cons<\/h3>\n\n\n\n<p>Affiche pour une pi\u00e8ce de th\u00e9\u00e2tre qui reprend le film \u00ab\u00a0Le d\u00eener de cons\u00a0\u00bb<\/p>\n<\/div>\n<\/div>\n\n\n\n<div class=\"wp-block-buttons is-content-justification-center is-layout-flex wp-container-core-buttons-is-layout-a89b3969 wp-block-buttons-is-layout-flex\">\n<div class=\"wp-block-button is-style-outline is-style-outline--3\"><a class=\"wp-block-button__link wp-element-button\" href=\"https:\/\/peeters-mallaury-portfolio.com\/?page_id=240\">Voir mes autres travaux<\/a><\/div>\n<\/div>\n<\/div>\n\n\n\n<p><\/p>\n\n\n\n<div class=\"wp-block-group alignfull has-background is-layout-constrained wp-container-core-group-is-layout-cfcca693 wp-block-group-is-layout-constrained\" id=\"contact\" style=\"background:linear-gradient(35deg,rgb(6,0,151) 0%,rgb(130,4,255) 64%,rgb(193,15,255) 98%);padding-top:104px;padding-bottom:104px\">\n<h2 class=\"wp-block-heading has-text-align-center has-text-color\" style=\"color:#ffffff\">Pour me contacter ou pour plus d&rsquo;infos<\/h2>\n\n\n\n<div class=\"wp-block-buttons alignwide is-horizontal is-content-justification-center is-layout-flex wp-container-core-buttons-is-layout-bba8380a wp-block-buttons-is-layout-flex\" style=\"margin-top:50px\">\n<div class=\"wp-block-button\"><a class=\"wp-block-button__link wp-element-button\" href=\"https:\/\/peeters-mallaury-portfolio.com\/?page_id=118\u2197\">Contact<\/a><\/div>\n<\/div>\n\n\n\n<p><\/p>\n\n\n\n<p><\/p>\n<\/div>\n\n\n\n<p><\/p>\n","protected":false},"excerpt":{"rendered":"<p>Bonjour, Dipl\u00f4m\u00e9 en \u00e9tudes artistiques et en infographie, j\u2019ai naturellement \u00e9volu\u00e9 vers le monde de la publicit\u00e9. Mon point fort [&hellip;]<\/p>\n","protected":false},"author":1,"featured_media":0,"parent":0,"menu_order":0,"comment_status":"closed","ping_status":"closed","template":"","meta":{"site-sidebar-layout":"no-sidebar","site-content-layout":"plain-container","ast-site-content-layout":"","site-content-style":"default","site-sidebar-style":"default","ast-global-header-display":"","ast-banner-title-visibility":"","ast-main-header-display":"","ast-hfb-above-header-display":"","ast-hfb-below-header-display":"","ast-hfb-mobile-header-display":"","site-post-title":"disabled","ast-breadcrumbs-content":"","ast-featured-img":"","footer-sml-layout":"","theme-transparent-header-meta":"enabled","adv-header-id-meta":"","stick-header-meta":"","header-above-stick-meta":"","header-main-stick-meta":"","header-below-stick-meta":"","astra-migrate-meta-layouts":"default","ast-page-background-enabled":"default","ast-page-background-meta":{"desktop":{"background-color":"var(--ast-global-color-5)","background-image":"","background-repeat":"repeat","background-position":"center center","background-size":"auto","background-attachment":"scroll","background-type":"","background-media":"","overlay-type":"","overlay-color":"","overlay-opacity":"","overlay-gradient":""},"tablet":{"background-color":"","background-image":"","background-repeat":"repeat","background-position":"center center","background-size":"auto","background-attachment":"scroll","background-type":"","background-media":"","overlay-type":"","overlay-color":"","overlay-opacity":"","overlay-gradient":""},"mobile":{"background-color":"","background-image":"","background-repeat":"repeat","background-position":"center center","background-size":"auto","background-attachment":"scroll","background-type":"","background-media":"","overlay-type":"","overlay-color":"","overlay-opacity":"","overlay-gradient":""}},"ast-content-background-meta":{"desktop":{"background-color":"var(--ast-global-color-4)","background-image":"","background-repeat":"repeat","background-position":"center center","background-size":"auto","background-attachment":"scroll","background-type":"","background-media":"","overlay-type":"","overlay-color":"","overlay-opacity":"","overlay-gradient":""},"tablet":{"background-color":"var(--ast-global-color-4)","background-image":"","background-repeat":"repeat","background-position":"center center","background-size":"auto","background-attachment":"scroll","background-type":"","background-media":"","overlay-type":"","overlay-color":"","overlay-opacity":"","overlay-gradient":""},"mobile":{"background-color":"var(--ast-global-color-4)","background-image":"","background-repeat":"repeat","background-position":"center center","background-size":"auto","background-attachment":"scroll","background-type":"","background-media":"","overlay-type":"","overlay-color":"","overlay-opacity":"","overlay-gradient":""}},"footnotes":""},"class_list":["post-10","page","type-page","status-publish","hentry"],"_links":{"self":[{"href":"https:\/\/peeters-mallaury-portfolio.com\/index.php?rest_route=\/wp\/v2\/pages\/10","targetHints":{"allow":["GET"]}}],"collection":[{"href":"https:\/\/peeters-mallaury-portfolio.com\/index.php?rest_route=\/wp\/v2\/pages"}],"about":[{"href":"https:\/\/peeters-mallaury-portfolio.com\/index.php?rest_route=\/wp\/v2\/types\/page"}],"author":[{"embeddable":true,"href":"https:\/\/peeters-mallaury-portfolio.com\/index.php?rest_route=\/wp\/v2\/users\/1"}],"replies":[{"embeddable":true,"href":"https:\/\/peeters-mallaury-portfolio.com\/index.php?rest_route=%2Fwp%2Fv2%2Fcomments&post=10"}],"version-history":[{"count":67,"href":"https:\/\/peeters-mallaury-portfolio.com\/index.php?rest_route=\/wp\/v2\/pages\/10\/revisions"}],"predecessor-version":[{"id":294,"href":"https:\/\/peeters-mallaury-portfolio.com\/index.php?rest_route=\/wp\/v2\/pages\/10\/revisions\/294"}],"wp:attachment":[{"href":"https:\/\/peeters-mallaury-portfolio.com\/index.php?rest_route=%2Fwp%2Fv2%2Fmedia&parent=10"}],"curies":[{"name":"wp","href":"https:\/\/api.w.org\/{rel}","templated":true}]}}